{"id":950,"date":"2021-12-25T09:38:45","date_gmt":"2021-12-25T09:38:45","guid":{"rendered":"https:\/\/chess.hu\/maroczy\/?page_id=950"},"modified":"2021-12-25T09:38:45","modified_gmt":"2021-12-25T09:38:45","slug":"interju-im-galyas-miklos","status":"publish","type":"page","link":"https:\/\/chess.hu\/maroczy\/interju-im-galyas-miklos\/","title":{"rendered":"Interj\u00fa: IM Galyas Mikl\u00f3s"},"content":{"rendered":"\n<p>Forr\u00e1s:\u00a0<a rel=\"noreferrer noopener\" href=\"https:\/\/www.sakkmezo.hu\/\" target=\"_blank\">https:\/\/www.sakkmezo.hu\/<\/a><\/p>\n\n\n\n<h1 class=\"wp-block-heading\">A veres\u00e9g nagyobb b\u00e1nat, mint amekkora \u00f6r\u00f6m a gy\u0151zelem \u2013 Interj\u00fa Galyas Mikl\u00f3ssal<\/h1>\n\n\n\n<p><\/p>\n\n\n\n<p>Galyas Mikl\u00f3s k\u00e9ts\u00e9gtelen\u00fcl egyike azon kev\u00e9s magyar edz\u0151knek, akik bizony\u00edtottan k\u00e9pesek nagyon magas szintre eljuttatni egy fiatal sakkoz\u00f3t.&nbsp; Mikl\u00f3ssal a tehets\u00e9gr\u0151l, a hobbijair\u00f3l \u00e9s a tan\u00edtv\u00e1nyair\u00f3l besz\u00e9lgett\u00fcnk.<\/p>\n\n\n\n<p><em><strong>Mikor ismerkedt\u00e9l meg a sakkal? Hogyan lett\u00e9l sakkoz\u00f3?<\/strong><\/em><\/p>\n\n\n\n<p>Els\u0151 tal\u00e1lkoz\u00e1saim a sakkal akkor voltak, amikor \u00e1tj\u00f6tt a nagyb\u00e1ty\u00e1m hozz\u00e1nk, mert ilyenkor szinte mindig sakkozott \u00e9desap\u00e1mmal. Sakkozni pedig akkor kezdtem, amikor \u00e9desap\u00e1m elvitt a Budapesti Spartacusba, amit egy kiv\u00e1l\u00f3 edz\u0151,&nbsp;<a href=\"https:\/\/hu.wikipedia.org\/wiki\/Ha%C3%A1g_Ervin\" target=\"_blank\" rel=\"noreferrer noopener\">Ha\u00e1g Ervin<\/a>&nbsp;vezetett. Ervin b\u00e1csi edz\u00e9seit nagyon \u00e9lveztem, tetszett, ahogyan \u0151 oktatott. Itt 11 \u00e9vesen j\u00e1tszottam le az els\u0151 versenypartimat.<\/p>\n\n\n\n<p>Sokat foglalkoztam \u00e9letemben a sakkal, de nem tudom, hogy mondhatjuk-e azt, hogy sakkoz\u00f3 lettem. Sok csapatban sakkoztam m\u00e1r, a Statisztik\u00e1t meg, term\u00e9szetesen, a Nagykanizs\u00e1t mindenk\u00e9ppen kiemeln\u00e9m ezek k\u00f6z\u00fcl. Ut\u00f3bbiban 2008 \u00f3ta j\u00e1tszom, akkor er\u0151s\u00edtett\u00e9k meg a csapatot \u00e9s az\u00f3ta mindig mi nyert\u00fck a bajnoks\u00e1got. Az ut\u00f3bbi \u00e9vekben m\u00e1r nem mindig f\u00e9rek be az els\u0151 csapatba, \u00edgy t\u00f6bbsz\u00f6r j\u00e1tszom a m\u00e1sodoszt\u00e1lyban. A k\u00fclf\u00f6ldi csapataim k\u00f6z\u00fcl a n\u00e9met&nbsp;<a href=\"https:\/\/www.sgtrier.de\/sg-trier\/\" target=\"_blank\" rel=\"noreferrer noopener\">Trier-t<\/a>&nbsp;eml\u00edten\u00e9m meg, ahol 13 \u00e9vig j\u00e1tszottam, ebb\u0151l 10-et az els\u0151 oszt\u00e1lyban \u00e9s a jelenlegi angol csapatomat, a Manx Libertyt, amivel m\u00e1r szerezt\u00fcnk ez\u00fcst\u00e9rmet is a bajnoks\u00e1gban. Ezeken k\u00edv\u00fcl j\u00e1tszottam m\u00e9g osztr\u00e1k, horv\u00e1t, szerb, szlov\u00e1k \u00e9s sv\u00e1jci csapatokban is. Aki sakkoz\u00f3nak \u00e1ll, annak a szezon k\u00f6zben ritka a szabad h\u00e9tv\u00e9g\u00e9je, ez a szakm\u00e1val j\u00e1r.<\/p>\n\n\n\n<div class=\"wp-block-image\"><figure class=\"aligncenter\"><img decoding=\"async\" src=\"https:\/\/www.sakkmezo.hu\/wp-content\/uploads\/01-1-300x219.jpg\" alt=\"\" class=\"wp-image-4652\"\/><\/figure><\/div>\n\n\n\n<p><em><strong>Te teljesen a sakkb\u00f3l \u00e9lsz?<\/strong><\/em><\/p>\n\n\n\n<p>Edz\u0151sk\u00f6d\u00f6m, \u00e9s n\u00e9ha m\u00e9g versenyzek. Polg\u00e1ri foglalkoz\u00e1som nincs, nem is volt soha. H\u00faszas \u00e9veim k\u00f6zepe \u00f3ta edz\u0151sk\u00f6d\u00f6m, a bar\u00e1ti kapcsolataim r\u00e9v\u00e9n kezd\u0151d\u00f6tt a p\u00e1ly\u00e1m.&nbsp;<a href=\"https:\/\/ratings.fide.com\/profile\/726559\" target=\"_blank\" rel=\"noreferrer noopener\">T\u00f3th Ervin<\/a>&nbsp;volt az egyik els\u0151 tan\u00edtv\u00e1nyom. J\u00f3ban voltam a n\u0151v\u00e9r\u00e9vel, \u0151 \u00e9s egy k\u00f6z\u00f6s bar\u00e1tn\u0151nk,&nbsp;<a href=\"https:\/\/ratings.fide.com\/profile\/734187\" target=\"_blank\" rel=\"noreferrer noopener\">Tardos Zs\u00f3fi<\/a>&nbsp;tal\u00e1lt\u00e1k ki, hogy foglalkozzam Ervinnel.<\/p>\n\n\n\n<p><em><strong>Azt\u00e1n j\u00f6ttek sorra a t\u00f6bbiek, akik k\u00f6z\u00fcl sokan sikeres sakkoz\u00f3k lettek.<\/strong><\/em><\/p>\n\n\n\n<p>Ervin volt az els\u0151, aki nemzetk\u00f6zi mester lett \u00e9s a norm\u00e1k megszerz\u00e9sekor dolgoztam is vele. Majd j\u00f6tt &nbsp;<a href=\"https:\/\/hu.wikipedia.org\/wiki\/K%C3%A1ntor_Gergely\" target=\"_blank\" rel=\"noreferrer noopener\">K\u00e1ntor Gerg\u0151<\/a>, akivel kiskor\u00e1t\u00f3l a FIDE-mesteri c\u00edmig foglalkoztam. Amikor abbahagytuk a k\u00f6z\u00f6s munk\u00e1t 13 \u00e9ves volt \u00e9s 2300 feletti \u00c9L\u0150-ponttal rendelkezett.&nbsp;<a href=\"https:\/\/hu.wikipedia.org\/wiki\/Gledura_Benj%C3%A1min\" target=\"_blank\" rel=\"noreferrer noopener\">Gledura Benj\u00e1minnal<\/a>&nbsp;is sokat dolgoztam egy\u00fctt, b\u00e1r az \u0151 esete kicsit m\u00e1s volt, mint akikkel el\u0151tte sakkoztam addig. M\u00edg m\u00e1sok kicsi gyerekk\u00e9nt ker\u00fcltek hozz\u00e1m, addig Benj\u00e1minnal akkor kezdtem a munk\u00e1t, amikor m\u00e1r er\u0151s 2380 ponttal rendelkez\u0151 sakkoz\u00f3 volt. Sokat utaztunk egy\u00fctt \u00e9s mellette m\u00e1r ink\u00e1bb szekund\u00e1nsi feladataim voltak. Egy\u00fctt utaztunk Norv\u00e9gi\u00e1ba, D\u00e1ni\u00e1ba, Gibralt\u00e1rra \u00e9s Angli\u00e1ba is. Ami\u00f3ta kiment Amerik\u00e1ba, az\u00f3ta csak n\u00e9ha dolgozunk egy\u00fctt. M\u00e9g most ny\u00e1ron is volt egy verseny, ahol szekund\u00e1ltam neki.<\/p>\n\n\n\n<p><a href=\"https:\/\/hu.wikipedia.org\/wiki\/Koz%C3%A1k_%C3%81d%C3%A1m\" target=\"_blank\" rel=\"noreferrer noopener\">Koz\u00e1k \u00c1d\u00e1mmal<\/a>&nbsp;is akkor kezdtem sakkozni, amikor m\u00e1r nemzetk\u00f6zi mester volt. A nagymesteri c\u00edm megszerz\u00e9se alatt f\u0151leg&nbsp;<a href=\"https:\/\/hu.wikipedia.org\/wiki\/Gonda_L%C3%A1szl%C3%B3_(sakkoz%C3%B3)\" target=\"_blank\" rel=\"noreferrer noopener\">Gonda Laci<\/a>&nbsp;meg \u00e9n edzett\u00fck, \u00e9s a mai napig dolgozunk egy\u00fctt.<\/p>\n\n\n\n<p>Akib\u0151l mostans\u00e1g szerintem hamarosan nagymester lesz, az&nbsp;<a href=\"https:\/\/ratings.fide.com\/profile\/1642561\" target=\"_blank\" rel=\"noreferrer noopener\">Horv\u00e1th Dominik<\/a>. Magyar sz\u00e1rmaz\u00e1s\u00fa a csal\u00e1d,, de Dominik kint sz\u00fcletett \u00e9s osztr\u00e1k sz\u00ednekben j\u00e1tszik. Vele 1700-as szinten kezdtem el edzeni, ma 2470-n\u00e9l j\u00e1r, osztr\u00e1k v\u00e1logatott \u00e9s van m\u00e1r nagymester norm\u00e1ja is.<\/p>\n\n\n\n<p>Sz\u00e1momra nagy \u00f6r\u00f6m, hogy egyre t\u00f6bb tan\u00edtv\u00e1nyom lesz jobb n\u00e1lam. Mindig azt mondom mindegyik\u00fcknek, hogy ne olyanok, hanem jobbak akarjanak lenni, mint \u00e9n.<\/p>\n\n\n\n<p><a href=\"https:\/\/ratings.fide.com\/profile\/733776\" target=\"_blank\" rel=\"noreferrer noopener\">Szab\u00f3 Benc\u00e9vel<\/a>&nbsp;is sakkoztam egy id\u0151ben, \u0151 is nemzetk\u00f6zi mester lett. FM szintig jutott tan\u00edtv\u00e1nyom is sok van, pl.&nbsp;<a href=\"https:\/\/ratings.fide.com\/profile\/775029\" target=\"_blank\" rel=\"noreferrer noopener\">Gomb\u00f3cz Ferenc<\/a>,&nbsp;<a href=\"https:\/\/ratings.fide.com\/profile\/740411\" target=\"_blank\" rel=\"noreferrer noopener\">\u00darhegyi M\u00e1rton<\/a>,&nbsp;<a href=\"https:\/\/ratings.fide.com\/profile\/726958\" target=\"_blank\" rel=\"noreferrer noopener\">Istvanovszki Martin<\/a>. Marci \u00e9s Martin nem akartak profi j\u00e1t\u00e9kosok lenni, az volt a c\u00e9ljuk, hogy iskola vagy munka mellett &nbsp;sakkozzanak \u00e9s FM c\u00edmet szerezzenek, amit el is \u00e9rtek. K\u00f6zben a Marci m\u00e1r csin\u00e1lt egy IM norm\u00e1t is. A n\u0151k k\u00f6z\u00fcl&nbsp;<a href=\"https:\/\/hu.wikipedia.org\/wiki\/Gara_Anita\" target=\"_blank\" rel=\"noreferrer noopener\">Gara Anit\u00e1nak<\/a>&nbsp;szekund\u00e1ltam, \u00e9s&nbsp;<a href=\"https:\/\/ratings.fide.com\/profile\/733210\" target=\"_blank\" rel=\"noreferrer noopener\">Kov\u00e1cs Kl\u00e1r\u00e1val<\/a>&nbsp;is sakkoztam egy\u00fctt.<\/p>\n\n\n\n<p>K\u00e9t \u00e9vig edz\u0151sk\u00f6dtem az U18-as csapatn\u00e1l is 2 Csapat Eur\u00f3pa-bajnoks\u00e1gon. 2012-ben a&nbsp;<a href=\"http:\/\/www.olimpbase.org\/2012eb\/2012hun.html\" target=\"_blank\" rel=\"noreferrer noopener\">fi\u00fa csapat<\/a>&nbsp;2. lett Pardubic\u00e9ben, ebben m\u00e1r j\u00e1tszott az akkor 13 \u00e9ves Gledura Benj\u00e1min \u00e9s K\u00e1ntor Gergely is, akik ma m\u00e1r a feln\u0151tt v\u00e1logatottban is ott vannak.&nbsp;<a href=\"https:\/\/ratings.fide.com\/profile\/737119\" target=\"_blank\" rel=\"noreferrer noopener\">Nagy G\u00e1bor<\/a>&nbsp;volt az \u00e9lt\u00e1bl\u00e1s akkor, aki nemr\u00e9g kijutott a Vil\u00e1gkup\u00e1ra.&nbsp;<a href=\"https:\/\/ratings.fide.com\/profile\/742570\" target=\"_blank\" rel=\"noreferrer noopener\">Bagi M\u00e1t\u00e9<\/a>&nbsp;\u00e9s&nbsp;<a href=\"https:\/\/ratings.fide.com\/profile\/735582\" target=\"_blank\" rel=\"noreferrer noopener\">T\u00e9sik Csaba<\/a>&nbsp;volt m\u00e9g csapattag. 2013-ban Mariborban Varga Melinda \u00e9s Juh\u00e1sz Barbara pedig tartal\u00e9k n\u00e9lk\u00fcl v\u00e9gigj\u00e1tszva a versenyt,&nbsp;<a href=\"http:\/\/www.olimpbase.org\/2013eg\/2013fa.html\" target=\"_blank\" rel=\"noreferrer noopener\">megnyerte az Eur\u00f3pa-bajnoks\u00e1got<\/a>.<\/p>\n\n\n\n<p><em><strong>Ott volt\u00e1l Bendzsivel Gibralt\u00e1ron akkor is, amikor&nbsp;<a href=\"https:\/\/www.chessgames.com\/perl\/chessgame?gid=1814765\" target=\"_blank\" rel=\"noreferrer noopener\">legy\u0151zte Anandot&nbsp;<\/a>?<\/strong><\/em><\/p>\n\n\n\n<p>\u00c9rdekes volt, ugyanis &nbsp;pont arra napra vettem ki szabadnapot. Aznap nem j\u00e1tszottam, hanem ink\u00e1bb a k\u00f6rny\u00e9ken kir\u00e1ndultam&nbsp;<a href=\"https:\/\/ratings.fide.com\/profile\/742910\" target=\"_blank\" rel=\"noreferrer noopener\">Csonka Bal\u00e1zzsal<\/a>&nbsp;\u00e9s Gara Anit\u00e1val, akik szint\u00e9n aznapra k\u00e9rtek pihen\u0151t. Id\u0151nk\u00e9nt r\u00e1n\u00e9zt\u00fcnk a k\u00f6zvet\u00edt\u00e9sre, \u00e9s amikor l\u00e1ttam, hogy kij\u00f6tt a k\u00e9sz\u00fcl\u00e9s\u00fcnk, m\u00e1r sejtettem, hogy nem veres\u00e9g lesz a v\u00e9ge. A gy\u0151zelem meglepett \u00e9s nagyon \u00f6r\u00fcltem neki. M\u00e1snap folyamatosan cs\u00f6ng\u00f6tt Benj\u00e1min telefonja, rengeteg \u00fajs\u00e1g\u00edr\u00f3 kereste a parti ut\u00e1n.<\/p>\n\n\n\n<p><em><strong>Honnan lehet tudni, hogy sakkban valaki mire viheti a j\u00f6v\u0151ben, mennyire tehets\u00e9ges?<\/strong><\/em><\/p>\n\n\n\n<p>A legfontosabb az, hogy mennyire szereti a sakkot, \u00e9s mennyi munk\u00e1t hajland\u00f3 elv\u00e9gezni. A tehets\u00e9g abban l\u00e1tszik meg, hogy l\u00e1tod, hogy \u00f6szt\u00f6n\u00f6sen j\u00f3kat l\u00e9p. Ha megmagyar\u00e1zni nem is tudja, de bizonyos \u00e1ll\u00e1sokban m\u00e9gis j\u00f3 figur\u00e1hoz ny\u00fal, j\u00f3l m\u0171k\u00f6dik az intu\u00edci\u00f3ja. \u00c1m volt olyan is, amikor azt gondoltam valakir\u0151l, hogy nem olyan tehets\u00e9ges, mert nem ugrott l\u00e1tv\u00e1nyosan nagyokat a fejl\u0151d\u00e9sben, de id\u0151vel folyamatosan ment el\u0151re \u00e9s valahogy egyre jobb \u00e9s jobb lett. Nyilv\u00e1n \u0151k is tehets\u00e9gesek, de az eredm\u00e9nyeket sok munk\u00e1val tudj\u00e1k kihozni magukb\u00f3l.<\/p>\n\n\n\n<p>A sakkban a tehets\u00e9g r\u00e9sze a szorgalom is. Aki csak j\u00e1tszani szeret, de dolgozni nem, azzal is el lehet jutni egy szintig, de ott er\u0151sen korl\u00e1tozottak lesznek a lehet\u0151s\u00e9gek. A mai sakkban egy bizonyos tud\u00e1st mindenk\u00e9ppen fel kell szedned, pl. v\u00e9gj\u00e1t\u00e9kban vagy megnyit\u00e1sban, k\u00fcl\u00f6nben sehova nem jutsz el.<\/p>\n\n\n\n<p>Sikeres sakkoz\u00f3 nincsen szorgalom n\u00e9lk\u00fcl. M\u00e1rpedig aki szorgalmas, annak szeretnie kell a sakkot, ezt nem lehet puszt\u00e1n akaratb\u00f3l, vagy k\u00e9nyszerb\u0151l csin\u00e1lni. Alap, hogy szeress\u00fck a sakkot.<\/p>\n\n\n\n<p><em><strong>M\u00e1s hobbid is van?<\/strong><\/em><\/p>\n\n\n\n<p>Amat\u0151r zenerajong\u00f3 vagyok. N\u00e1lunk otthon vagy rock zene vagy opera sz\u00f3lt, \u00edgy \u00e9n is megszerettem ezeket. A mai napig j\u00e1rok koncertekre. \u00c9letem egyik legnagyobb zenei \u00e9lm\u00e9nye volt, hogy a sakkoz\u00f3 bar\u00e1taimmal m\u00e9g a Covid el\u0151tt ki tudtunk jutni Pr\u00e1g\u00e1ba egy Def Leppard koncertre.<\/p>\n\n\n\n<p>A zen\u00e9t egy\u00e9bk\u00e9nt edz\u00e9sen is alkalmazom, szerintem motiv\u00e1l\u00e1s\u00e1nak a rock zene nagyon j\u00f3. \u00c9n p\u00e9ld\u00e1ul parti el\u0151tt mindig ilyen zen\u00e9t hallgatok, \u00e9s a tan\u00edtv\u00e1nyoknak is van, hogy k\u00fcld\u00f6k egy-egy sz\u00e1mot parti el\u0151tt.<\/p>\n\n\n\n<p>Els\u0151 cikkeimet nem sakk, hanem pankr\u00e1ci\u00f3s t\u00e9m\u00e1ban \u00edrtam, de ezt ma m\u00e1r nem annyira figyelem, mint r\u00e9gen, de id\u0151nk\u00e9nt az\u00e9rt el\u0151fordul, hogy bar\u00e1taimmal, Nagy G\u00e1borral \u00e9s Szab\u00f3 Benc\u00e9vel megn\u00e9z\u00fcnk egy nagyobb esem\u00e9nyt.<\/p>\n\n\n\n<p><em><strong>De az\u00e9rt edz\u00e9s k\u00f6zben nem sz\u00f3l a zene, ugye?<\/strong><\/em><\/p>\n\n\n\n<p>\u00c1ltal\u00e1ban nem, de volt egy vid\u00e1m tan\u00edtv\u00e1nyom, aki kisgyerekk\u00e9nt szeretett edz\u00e9s k\u00f6zben \u00e9nekelni. Nem akartam neki azt mondani, hogy te nem tudsz \u00e9nekelni, ink\u00e1bb beraktam valami zen\u00e9t, mert mindenki jobban j\u00e1rt \u00edgy.<\/p>\n\n\n\n<p>Minden sport\u00e1gban fontos a motiv\u00e1ci\u00f3. A zen\u00e9t haszn\u00e1lom, \u00e9s ez n\u00e1lam m\u0171k\u00f6dik. Ha egyed\u00fcl vagyok, \u00e9s valami sakkos anyagot k\u00e9sz\u00edtek, a h\u00e1tt\u00e9rben akkor is zene sz\u00f3l, hangulatt\u00f3l f\u00fcgg\u0151en, \u00e1ltal\u00e1ban rock, n\u00e9ha opera. Amikor junior kapit\u00e1ny voltam, pr\u00f3b\u00e1lkoztam a gyerekekn\u00e9l is az oper\u00e1val, de bel\u00e1ttam, hogy arra kev\u00e9sb\u00e9 fog\u00e9konyak, a rock zen\u00e9re viszont igen. Ezt akkor l\u00e1ttam be v\u00e9gleg, amikor a csod\u00e1latos&nbsp;<a href=\"https:\/\/www.youtube.com\/watch?v=h9IXgb0ZG9I\" target=\"_blank\" rel=\"noreferrer noopener\">\u00c9j kir\u00e1lyn\u0151je \u00e1ri\u00e1val<\/a>&nbsp;pr\u00f3b\u00e1lkoztam mik\u00f6zben az egyik fiatal tan\u00edtv\u00e1nyom er\u0151s nemtetsz\u00e9s\u00e9t fejezte ki k\u00f6zben.<\/p>\n\n\n\n<p><em><strong>Milyen a j\u00f3 versenyz\u0151 alkat, mes\u00e9lj err\u0151l egy kicsit!<\/strong><\/em><\/p>\n\n\n\n<p>T\u00fal kell l\u00e9pni a veres\u00e9geken, Koz\u00e1k \u00c1d\u00e1m vagy Gledura Benj\u00e1min att\u00f3l is j\u00f3 versenyz\u0151i alkatok, hogy nem omlottak \u00f6ssze egy-egy veres\u00e9g ut\u00e1n.<\/p>\n\n\n\n<p>A profi teniszez\u0151k vil\u00e1g\u00e1ban egy Djokovic \u2013 Federer meccsen Djokovic elvesztett egy olyan szettet, amit neki kellett volna megnyernie. V\u00e9gig domin\u00e1lt benne, de m\u00e9gis alulmaradt. Kezd\u0151d\u00f6tt a k\u00f6vetkez\u0151 szett, \u00e9s azt gondolta volna az ember, hogy a bosszankod\u00e1sa kihat majd a k\u00f6vetkez\u0151 labdamenetekre, de abszol\u00fat nem \u00edgy t\u00f6rt\u00e9nt. Beh\u00fazta a k\u00f6vetkez\u0151 szettet \u00e9s a meccset is.<\/p>\n\n\n\n<p>Tudni kell felejteni! Mindenkinek van rossz partija. H\u00fazt\u00e1l egy marhas\u00e1got, de m\u00e1r nem tudsz mit csin\u00e1lni. Ha \u00f6sszeesel a k\u00f6vetkez\u0151 fordul\u00f3ra, az nem j\u00f3. Az igaz\u00e1n j\u00f3 versenyz\u0151i alkat el tudja felejteni a partit m\u00e1snapra, ak\u00e1rmi is t\u00f6rt\u00e9nt benne.<\/p>\n\n\n\n<p>Van olyan sz\u00fcl\u0151, aki j\u00f3t akar, de amikor vesz\u00edt a gyermeke, lemegy n\u00e1la a rol\u00f3, elvesz\u00edti a j\u00f3zan esz\u00e9t. M\u00e9g olyan is volt, aki infarktust kapott gyermeke partija k\u00f6zben. Aki ezt nem k\u00e9pes feldolgozni, az hagyja b\u00e9k\u00e9n a gyereket j\u00e1tszani, majd parti ut\u00e1n megtudja \u00fagyis az eredm\u00e9nyt. A sakkban az a neh\u00e9zs\u00e9g, hogy a veres\u00e9g nagyobb b\u00e1natot okoz, mint amekkora \u00f6r\u00f6m\u00f6t hoz a gy\u0151zelem. Nem tudom ennek az ok\u00e1t, de ez \u00edgy van.<\/p>\n\n\n\n<p>Visszat\u00e9rve a j\u00f3 versenyz\u0151 alkathoz,&nbsp; kell ahhoz is \u00f6nbizalom, hogy t\u00e9t alatt j\u00f3l j\u00e1tsszon az ember. A sikeresebb tan\u00edtv\u00e1nyaimat sokszor nem is kellett dics\u00e9rnem, mert \u0151k saj\u00e1t magukat \u201cveregett\u00e9k h\u00e1tba\u201d egy-egy gy\u0151ztes parti ut\u00e1n. Persze, olyan tan\u00edtv\u00e1nyom is volt, akit p\u00e1r gy\u0151zelem ut\u00e1n vissza kellett hoznom a &nbsp;f\u00f6ldre, mert annyira elsz\u00e1llt mag\u00e1t\u00f3l.<\/p>\n\n\n\n<p>Egy edz\u0151, egyszer azt mondta, hogy igaz\u00e1n j\u00f3 emberb\u0151l nem lesz j\u00f3 sakkoz\u00f3, mert a sakkhoz nagyon er\u0151s egoista szem\u00e9lyis\u00e9g sz\u00fcks\u00e9ges. Szerintem, ez az\u00e9rt t\u00falz\u00e1s, de az biztos, hogy a sikerhez kell az er\u0151s \u00f6nbecs\u00fcl\u00e9s \u00e9s a hit \u00f6nmagunkban. Ezek n\u00e9lk\u00fcl nem lehet nagymesteri szintre jutni.<\/p>\n\n\n\n<p><em><strong>Neked edz\u0151k\u00e9nt mi az er\u0151ss\u00e9ged?<\/strong><\/em><\/p>\n\n\n\n<p>Szeretek sakkozni, \u00e9s ezt tal\u00e1n \u00e1t tudom adni. Ebben nyilv\u00e1n benne van, hogy im\u00e1dom a sakk-k\u00f6nyveket, nekem ezeket olvasni sz\u00f3rakoz\u00e1s. Rengeteg szakk\u00f6nyvet v\u00e1s\u00e1roltam \u00e9s k\u00e9pes vagyok eg\u00e9sz nap ezekkel foglalkozni. \u00dagy gondolom, hogy versenyhelyzetben motiv\u00e1lni is j\u00f3l tudom a j\u00e1t\u00e9kosokat.<\/p>\n\n\n\n<p>Nemzetk\u00f6zi mester vagyok, de van 2 teljes\u00edtett nagymesteri norm\u00e1m. Ez is egy furcsa t\u00f6rt\u00e9net. Am\u00edg sakkoztam, nem tudtam a nagymesteri c\u00edm k\u00f6zel\u00e9be &nbsp;ker\u00fclni. Le is ment az \u00c9l\u0151-pontom 2400-ra, \u00e9s bel\u00e1ttam, hogy ami nem megy, azt nem kell er\u0151ltetni. K\u00e9s\u0151bb, ahogy a tan\u00edtv\u00e1nyok elkezdtek fejl\u0151dni, nekem is vel\u00fck egy\u00fctt n\u0151tt meg a j\u00e1t\u00e9ker\u0151m. Az \u00c9l\u0151-pontom egy id\u0151ben m\u00e1r 2500 felett is j\u00e1rt. Egy norm\u00e1m hi\u00e1nyzik m\u00e9g, de b\u00edzom benne, hogy siker\u00fcl teljes\u00edtenem.<\/p>\n\n\n\n<p><em><strong>R\u00e9gen is oktatt\u00e1l a K\u00f6zponti Sakkiskol\u00e1ban, \u00e9s most is. Milyenek a gyerekek?<\/strong><\/em><\/p>\n\n\n\n<p>R\u00e9gen csak vend\u00e9gel\u0151ad\u00f3 voltam egyszer-egyszer. Amikor&nbsp;<a href=\"https:\/\/hu.wikipedia.org\/wiki\/Ribli_Zolt%C3%A1n\" target=\"_blank\" rel=\"noreferrer noopener\">Ribli Zoli<\/a>&nbsp;b\u00e1csit lecser\u00e9lt\u00e9k, akkor lehetett p\u00e1ly\u00e1zni az \u00e1ll\u00e1sra, \u00e9s \u00e9n mondtam, hogy p\u00e1ly\u00e1zni nem fogok, de annyit meg\u00edg\u00e9rtem Gonda Lacinak, hogy ha \u0151 lesz, akkor neki beseg\u00edtek, \u00e9s \u00edgy is hozta sors.<\/p>\n\n\n\n<p>B\u0151vebben err\u0151l nem tudok besz\u00e9lni, mert eddig csak k\u00e9t t\u00e1borunk volt. Rem\u00e9lem, hogy valamit tudunk el\u0151r\u00e9bb l\u00e9pni, mert szeretn\u00e9nk seg\u00edteni. Havi egy ilyen t\u00e1bor alatt persze csod\u00e1kat nem lehet csin\u00e1lni, de arra mindenk\u00e9ppen j\u00f3 lehet, hogy n\u00e9mi tud\u00e1st szerezzenek \u00e9s \u00f6sszebar\u00e1tkoznak egym\u00e1ssal. Ez kell ahhoz. hogy elkezdj\u00e9k egym\u00e1st h\u00fazni felfel\u00e9. Ebben hiszek, ez lehet a csoportedz\u00e9sek l\u00e9nyege.<\/p>\n\n\n\n<p><em><strong>Mennyit v\u00e1ltoztatott az internet a sakkon?<\/strong><\/em><\/p>\n\n\n\n<p>T\u00f6bb lett az el\u00e9rhet\u0151 inform\u00e1ci\u00f3. Az edz\u0151 egyik f\u0151 feladata, hogy megtal\u00e1lja azokat az anyagokat (partikat, k\u00f6nyveket, vide\u00f3kat), amire a tan\u00edtv\u00e1ny\u00e1nak sz\u00fcks\u00e9ge van. Minden tan\u00edtv\u00e1ny t\u00f6bbet dolgozik egyed\u00fcl, mint edz\u0151vel, ez\u00e9rt nem mindegy, hogy azt hogyan teszi.<\/p>\n\n\n\n<p>Az online sakkoz\u00e1s b\u00e1rkinek k\u00f6nnyen el\u00e9rhet\u0151, el\u0151kapjuk csak a telefonunkat \u00e9s lej\u00e1tszunk 2-3 partit. Az online versenyeken neh\u00e9z kisz\u0171rni a csal\u00e1sokat, ez\u00e9rt picit furcsa hangulata lett ezeknek, mert mindenki gyanakszik, akkor is, ha val\u00f3j\u00e1ban nem t\u00f6rt\u00e9nt csal\u00e1s. Az edz\u0151knek sok lehet\u0151s\u00e9get ad az internet, &nbsp;\u00e9n magam is Skype-on oktatom a k\u00fclf\u00f6ldi \u00e9s a vid\u00e9ken \u00e9l\u0151 tan\u00edtv\u00e1nyaimat.<\/p>\n\n\n\n<div class=\"wp-block-image\"><figure class=\"aligncenter\"><img decoding=\"async\" src=\"https:\/\/www.sakkmezo.hu\/wp-content\/uploads\/1-2-273x300.jpg\" alt=\"\" class=\"wp-image-4653\"\/><\/figure><\/div>\n\n\n\n<p><em><strong>Mennyire ment el mellett\u00fcnk a vil\u00e1g \u00e9lmez\u0151nye?<\/strong><\/em><\/p>\n\n\n\n<p>El\u00e9gg\u00e9. Hossz\u00fa t\u00e1von ma m\u00e1r nem lehet olyan orsz\u00e1gokkal re\u00e1lisan felvenni a harcot, mint K\u00edna, vagy India. Nyilv\u00e1n, ha j\u00f6n egy olyan k\u00fcl\u00f6nleges gener\u00e1ci\u00f3, mint pl. a L\u00e9k\u00f3-Polg\u00e1r-Alm\u00e1si voltak, akkor \u00f6ssze lehet szedni egy er\u0151s csapatot, de h\u00e1t h\u00e1nyan sakkoznak Indi\u00e1ban \u00e9s h\u00e1nyan Magyarorsz\u00e1gon? A 2024-es olimpi\u00e1ra sem el\u00e9g 2021-ben elkezdeni k\u00e9sz\u00fclni. Ezt nem kritik\u00e1nak sz\u00e1nom, de ehhez t\u00f6bb id\u0151 kell.<\/p>\n\n\n\n<p><em><strong>Mi kellene ahhoz, hogy utol\u00e9rj\u00fck, \u00e9s 10-15 \u00e9v m\u00falva es\u00e9lyes legyen a csapatunk egy sakkolimpi\u00e1n?<\/strong><\/em><\/p>\n\n\n\n<p>Ha van egy gyerek, aki szeret sakkozni, tehets\u00e9ges \u00e9s megkap mindent, teh\u00e1t minden klappol, akkor eljut egy magas szintig, de ahhoz, hogy vil\u00e1gklasszis legyen, ahhoz m\u00e1r zseninek kell lennie.<a href=\"https:\/\/hu.wikipedia.org\/wiki\/Rapport_Rich%C3%A1rd\" target=\"_blank\" rel=\"noreferrer noopener\">&nbsp;Rapport Ricsit<\/a>, vagy \u00e9ppen&nbsp;<a href=\"https:\/\/hu.wikipedia.org\/wiki\/Fabiano_Caruana\" target=\"_blank\" rel=\"noreferrer noopener\">Caruan\u00e1t<\/a>&nbsp;nem tudsz nevelni.<br>Els\u0151sorban egy szerencs\u00e9s gener\u00e1ci\u00f3nak kell sz\u00fcletnie, m\u00e1sodsorban az edz\u0151knek tudatos munk\u00e1t kell v\u00e9gezni\u00fck vel\u00fck.<br>Ha m\u00e1r ilyen kicsi orsz\u00e1g vagyunk, akkor a magyar edz\u0151knek jobban egy\u00fctt kellene m\u0171k\u00f6dni\u00fck. Tudni kell azt, hogy ha egy tan\u00edtv\u00e1ny kin\u0151 minket, akkor kihez k\u00fcldjem, hogy tov\u00e1bb fejl\u0151dhessen. Sok edz\u0151 anyagi \u00e9rdekb\u0151l is nem engedi el a tan\u00edtv\u00e1ny\u00e1t, akit m\u00e1r lehet, hogy \u00f3vod\u00e1s kora \u00f3ta edz. Ha egy edz\u0151 egyik tan\u00edtv\u00e1nya sem jut feljebb egy bizonyos szintn\u00e9l, akkor ennek a szintnek az el\u00e9r\u00e9se ut\u00e1n m\u00e1r s\u00e9r\u00fcl a tan\u00edtv\u00e1ny \u00e9rdeke. Optim\u00e1lis az lenne, ha meglenn\u00e9nek azok a k\u00fcl\u00f6nb\u00f6z\u0151 szinteken tev\u00e9kenyked\u0151 edz\u0151k, akik mindig tudn\u00e1k, hogy mikor \u00e9s kire lenne sz\u00fcks\u00e9g a tov\u00e1bbl\u00e9p\u00e9shez. Ezt mi kicsiben csin\u00e1ljuk Gonda Lacival, Szab\u00f3 Benc\u00e9vel \u00e9s m\u00e9g p\u00e1r bar\u00e1tommal. \u00c9n azt mondom, mindenki csin\u00e1lja azt \u00e9s azon a szinten, amiben igaz\u00e1n j\u00f3!<\/p>\n","protected":false},"excerpt":{"rendered":"<p>Forr\u00e1s:\u00a0https:\/\/www.sakkmezo.hu\/ A veres\u00e9g nagyobb b\u00e1nat, mint amekkora \u00f6r\u00f6m a gy\u0151zelem \u2013 Interj\u00fa Galyas Mikl\u00f3ssal Galyas<\/p>\n","protected":false},"author":6,"featured_media":0,"parent":0,"menu_order":0,"comment_status":"closed","ping_status":"closed","template":"","meta":{"footnotes":""},"class_list":["post-950","page","type-page","status-publish","hentry"],"_links":{"self":[{"href":"https:\/\/chess.hu\/maroczy\/wp-json\/wp\/v2\/pages\/950","targetHints":{"allow":["GET"]}}],"collection":[{"href":"https:\/\/chess.hu\/maroczy\/wp-json\/wp\/v2\/pages"}],"about":[{"href":"https:\/\/chess.hu\/maroczy\/wp-json\/wp\/v2\/types\/page"}],"author":[{"embeddable":true,"href":"https:\/\/chess.hu\/maroczy\/wp-json\/wp\/v2\/users\/6"}],"replies":[{"embeddable":true,"href":"https:\/\/chess.hu\/maroczy\/wp-json\/wp\/v2\/comments?post=950"}],"version-history":[{"count":1,"href":"https:\/\/chess.hu\/maroczy\/wp-json\/wp\/v2\/pages\/950\/revisions"}],"predecessor-version":[{"id":951,"href":"https:\/\/chess.hu\/maroczy\/wp-json\/wp\/v2\/pages\/950\/revisions\/951"}],"wp:attachment":[{"href":"https:\/\/chess.hu\/maroczy\/wp-json\/wp\/v2\/media?parent=950"}],"curies":[{"name":"wp","href":"https:\/\/api.w.org\/{rel}","templated":true}]}}