{"id":948,"date":"2021-12-25T09:36:32","date_gmt":"2021-12-25T09:36:32","guid":{"rendered":"https:\/\/chess.hu\/maroczy\/?page_id=948"},"modified":"2021-12-25T09:36:33","modified_gmt":"2021-12-25T09:36:33","slug":"interju-gm-gonda-laszlo","status":"publish","type":"page","link":"https:\/\/chess.hu\/maroczy\/interju-gm-gonda-laszlo\/","title":{"rendered":"Interj\u00fa: GM Gonda L\u00e1szl\u00f3"},"content":{"rendered":"\n<h1 class=\"wp-block-heading\">\u201eAz edz\u0151ket a gyerek \u00e9s a sz\u00fcl\u0151 v\u00e1lasztja meg\u201d \u2013 interj\u00fa az \u00faj ifj\u00fas\u00e1gi sz\u00f6vets\u00e9gi kapit\u00e1nnyal<\/h1>\n\n\n\n<p>Forr\u00e1s:\u00a0<a rel=\"noreferrer noopener\" href=\"https:\/\/www.sakkmezo.hu\/\" target=\"_blank\">https:\/\/www.sakkmezo.hu\/<\/a><\/p>\n\n\n\n<p><\/p>\n\n\n\n<p>\u00daj ifj\u00fas\u00e1gi sz\u00f6vets\u00e9gi kapit\u00e1nyt b\u00edzott meg a Magyar Sakksz\u00f6vets\u00e9g. A z\u00e1rt, megh\u00edv\u00e1sos p\u00e1ly\u00e1zat eredm\u00e9nyek\u00e9nt&nbsp;<a href=\"https:\/\/www.sakkmezo.hu\/2020\/10\/27\/bizonyitasra-berendezkedve-interju-gonda-laszlo-nagymesterrel\/\" target=\"_blank\" rel=\"noreferrer noopener\">Gonda L\u00e1szl\u00f3<\/a>&nbsp;kapta meg a bizalmat 2021. \u00e1prilis 1-t\u0151l. Az ambici\u00f3zus nagymester fiatal kora ellen\u00e9re kell\u0151en nagy tapasztalattal b\u00edr az ifj\u00fas\u00e1gi sakkoz\u00f3k nevel\u00e9se ter\u00e9n. A legfontosabb t\u00e9m\u00e1kkal kapcsolatban szem\u00e9lyesen k\u00e9rdezt\u00fck meg \u0151t.<\/p>\n\n\n\n<div class=\"wp-block-image\"><figure class=\"aligncenter\"><img decoding=\"async\" src=\"https:\/\/www.sakkmezo.hu\/wp-content\/uploads\/Gonda64-300x297.jpg\" alt=\"\" class=\"wp-image-3955\"\/><\/figure><\/div>\n\n\n\n<p><strong>Gratul\u00e1lunk a kinevez\u00e9sedhez! Sz\u00f6vets\u00e9gi kapit\u00e1nyk\u00e9nt mi lesz a feladatod, mi\u00e9rt felelsz majd?<\/strong><\/p>\n\n\n\n<p>Els\u0151 l\u00e9p\u00e9sk\u00e9nt szeretn\u00e9nk egy olyan \u00e1tl\u00e1that\u00f3 rendszert m\u0171k\u00f6dtetni, ami alapj\u00e1n t\u00e1mogat\u00e1st kaphatnak a legtehets\u00e9gesebb ifj\u00fas\u00e1gi sakkoz\u00f3k. Ez az \u00c9l\u0151-pontok \u00e9s az el\u00e9rt eredm\u00e9nyek, helyez\u00e9sek alapj\u00e1n fog fel\u00e9p\u00fclni. Az Ifj\u00fas\u00e1gi Bizotts\u00e1g elkezdett kidolgozni egy pontrendszert, ami nemsok\u00e1ra elk\u00e9sz\u00fcl. Ezen k\u00f6z\u00f6sen dolgozunk m\u00e9g, \u00e9s ha az eln\u00f6ks\u00e9g megszavazza, akkor az idei \u00e9vt\u0151l \u00e9l. A kapit\u00e1nyi feladatok m\u00e1sik l\u00e9nyeges eleme a v\u00e1logatott csapatok \u00f6ssze\u00e1ll\u00edt\u00e1sa, felk\u00e9sz\u00edt\u00e9se \u00e9s elk\u00eds\u00e9r\u00e9s\u00fck a vil\u00e1gversenyekre. Szem\u00e9lyesen szeretn\u00e9k megismerkedni ezekkel a fiatalokkal \u00e9s tartani a sz\u00fcleikkel, edz\u0151ikkel a kapcsolatot. A 18 \u00e9v alatti koroszt\u00e1ly tehets\u00e9geinek gondoz\u00e1s\u00e1val b\u00edztak meg, de v\u00e9lem\u00e9nyem szerint ezt \u00e9rdemes lenne kib\u0151v\u00edteni legal\u00e1bbU20-ra, mert 2024-ben az olimpi\u00e1n a C csapataink minden tagja a 25 \u00e9v alattiakb\u00f3l fog kiker\u00fclni. Megl\u00e1t\u00e1som szerint a &nbsp;legeredm\u00e9nyesebb felk\u00e9sz\u00fcl\u00e9s az lehetne, ha ennek a v\u00e1logatottnak a kerete egy\u00fctt tudna k\u00e9sz\u00fclni a k\u00f6vetkez\u0151 \u00e9vekben.<\/p>\n\n\n\n<p><strong>Tervezhetsz te edz\u0151t\u00e1borokat, versenyeket, de mindezekhez kellenek majd az anyagi felt\u00e9telek is. Egy j\u00f3 ideje akadnak neh\u00e9zs\u00e9gek ezen a t\u00e9ren a hazai sakk\u00e9letben.<\/strong><\/p>\n\n\n\n<p>Azt tudom, hogy id\u00e9n jobban \u00e1llunk egy kicsit, mint az elm\u00falt \u00e9vekben. A legfontosabb dolgokra el\u00e9g kell, hogy legyen a p\u00e9nz. Abb\u00f3l kell kiindulni, hogy vannak tehets\u00e9gek \u00e9s t\u00e1mogatni, seg\u00edteni kell \u0151ket.<\/p>\n\n\n\n<p>Abban biztos vagyok, hogy csup\u00e1n sz\u00f6vets\u00e9gi t\u00e1mogat\u00e1sb\u00f3l ezut\u00e1n sem lehet majd magyar vil\u00e1gszt\u00e1rt kinevelni, mint ahogy a m\u00faltban sem lehetett, de nem is ez a feladata els\u0151sorban a Sakksz\u00f6vets\u00e9gnek. Persze, a sz\u00f6vets\u00e9g \u00e9s ezen bel\u00fcl \u00e9n is annyit pr\u00f3b\u00e1lunk majd seg\u00edteni, amennyi t\u0151l\u00fcnk telik.<\/p>\n\n\n\n<p><strong>Kapit\u00e1nyk\u00e9nt melyek lesznek az els\u0151 l\u00e9p\u00e9seid?<\/strong><\/p>\n\n\n\n<p>A legels\u0151 az lesz, hogy az Ifj\u00fas\u00e1gi Bizotts\u00e1ggal k\u00f6z\u00f6sen eln\u00f6ks\u00e9gi \u00fcl\u00e9s el\u00e9 vissz\u00fck a t\u00e1mogat\u00e1si rendszert. A k\u00f6vetkez\u0151 eln\u00f6ks\u00e9gi \u00fcl\u00e9sen prezent\u00e1lni szeretn\u00e9m, hogy mik a c\u00e9lok \u00e9s honnan hova szeretn\u00e9k eljutni a megb\u00edzat\u00e1som ideje alatt. \u0150szt\u0151l nagyon rem\u00e9lem, engedi majd a j\u00e1rv\u00e1nyhelyzet, hogy rendezzenek ism\u00e9t csapat vil\u00e1gversenyeket, de ha esetleg m\u00e9gsem, akkor j\u00f6v\u0151re biztosan lesznek majd ilyen megm\u00e9rettet\u00e9sek.<\/p>\n\n\n\n<p>Meg kell kezdenem az erre t\u00f6rt\u00e9n\u0151 felk\u00e9sz\u00edt\u00e9st is a potenci\u00e1lis v\u00e1logatott jel\u00f6ltekkel. Az ismerked\u00e9s id\u0151szak\u00e1ban szeretn\u00e9k egy sakkt\u00e1bort is tartani, hogy k\u00f6z\u00f6ss\u00e9gben is l\u00e1thassam a fiatalokat.<\/p>\n\n\n\n<p><strong>Terveid szerint hogyan v\u00e1lasztod ki azokat a fiatalokat, akikkel dolgozni akarsz?<\/strong><\/p>\n\n\n\n<p>Meg kell ismernem a j\u00e1t\u00e9kukat \u00e9s az er\u0151ss\u00e9geiket, mert ez egyr\u00e9szt a kiv\u00e1laszt\u00e1shoz is elengedhetetlen, m\u00e1sr\u00e9szt ez alapj\u00e1n tudom majd eld\u00f6nteni, hogy a hasonl\u00f3 j\u00e1t\u00e9k erej\u0171 j\u00e1t\u00e9kos k\u00f6z\u00fcl ki fog el\u0151r\u00e9bb, \u00e9s ki fog h\u00e1tr\u00e9bb le\u00fclni az ellenfelek csapatai ellen, illetve kit ki ellen \u00e9rdemes le\u00fcltetni. Erre az edz\u0151t\u00e1borok kiv\u00e1l\u00f3an alkalmasak. A vil\u00e1gversenyeken sok d\u00f6nt\u00e9st a kapit\u00e1nynak kell meghoznia, ilyen pl., hogy ki j\u00e1tszik az adott napon \u00e9s ez \u00e1ltal ki lesz tartal\u00e9k. A partik sor\u00e1n gyakran \u00e9rkezik remi aj\u00e1nlat, aminek elfogad\u00e1s\u00e1r\u00f3l a j\u00e1t\u00e9kosok sokszor a kapit\u00e1ny \u00e1ll\u00e1spontja alapj\u00e1n d\u00f6ntenek, hiszen akkor \u00e9s ott a gyerekeknek els\u0151sorban a saj\u00e1t j\u00e1t\u00e9kukra kell koncentr\u00e1lniuk. \u00d6sszetett ennek a vizsg\u00e1lata, amelyhez a j\u00e1t\u00e9kos j\u00e1t\u00e9ktud\u00e1s\u00e1n t\u00fal ismernem kell a gyerek term\u00e9szet\u00e9t, edz\u0151j\u00e9t, s\u0151t m\u00e9g a sz\u00fcleit is.<\/p>\n\n\n\n<p>Azt tervezem, hogy a 4+1 f\u0151s csapatversenyek eset\u00e9ben 7-8 f\u0151s v\u00e1logatott kerettel, amit az Ifj\u00fas\u00e1gi bizotts\u00e1ggal k\u00f6z\u00f6sen \u00e1ll\u00edtunk \u00f6ssze, fogjuk megkezdeni a felk\u00e9sz\u00fcl\u00e9st \u00e9s ez fog lesz\u0171k\u00fclni a forma \u00e9s a l\u00e1tottak alapj\u00e1n a kiutaz\u00f3 keretre.<\/p>\n\n\n\n<p><strong>Lesznek majd az\u00e9rt \u00e1ltalad kijel\u00f6lt edz\u0151k is, akik seg\u00edtik a munk\u00e1dat?<\/strong><\/p>\n\n\n\n<p>Az edz\u0151ket alapvet\u0151en a gyerek \u00e9s a sz\u00fcl\u0151 v\u00e1lasztja meg. Nem akarok a mindennapok sakkedz\u00e9seibe belefolyni, ugyanakkor nem k\u00e9rd\u00e9s, hogy a gyerekek edz\u0151ivel \u00f6ssze kell dolgoznom, \u00e9s ha k\u00e9rnek, term\u00e9szetesen adok tan\u00e1csokat is. Emellett a k\u00f6z\u00f6s felk\u00e9sz\u00fcl\u00e9seken lesz megh\u00edvott edz\u0151 is vel\u00fcnk. Els\u0151sorban&nbsp;<a href=\"https:\/\/ratings.fide.com\/profile\/707244\" target=\"_blank\" rel=\"noreferrer noopener\">Galyas Mikl\u00f3sra<\/a>&nbsp;t\u00e1maszkodom az egyik legeredm\u00e9nyesebb edz\u0151 az elm\u00falt \u00e9vekb\u0151l. J\u00f3 lenne olyan vend\u00e9gel\u0151ad\u00f3kat bevonni, mint&nbsp;<a href=\"https:\/\/www.sakkmezo.hu\/2021\/03\/11\/ha-akarjuk-ha-nem-orlodunk-egy-ideig-beszelgetes-banusz-tamassal\/\" target=\"_blank\" rel=\"noreferrer noopener\">B\u00e1nusz Tam\u00e1s<\/a>&nbsp;\u00e9s&nbsp;<a href=\"https:\/\/hu.wikipedia.org\/wiki\/Erd%C5%91s_Viktor\" target=\"_blank\" rel=\"noreferrer noopener\">Erd\u0151s Viktor<\/a>, b\u00e1r \u0151k els\u0151sorban versenysakkoz\u00f3k, de biztos vagyok benne, hogy rengeteget tudn\u00e1nak a fiatalok a tud\u00e1sukb\u00f3l profit\u00e1lni. Szeretn\u00e9m m\u00e9g a munk\u00e1ba bevonni&nbsp;<a href=\"https:\/\/hu.wikipedia.org\/wiki\/Medvegy_Zolt%C3%A1n\" target=\"_blank\" rel=\"noreferrer noopener\">Medvegy Zolt\u00e1nt<\/a>, aki egy fiatal ambici\u00f3zus edz\u0151 \u00e9s&nbsp;<a href=\"https:\/\/hu.wikipedia.org\/wiki\/B%C3%A9rczes_D%C3%A1vid\" target=\"_blank\" rel=\"noreferrer noopener\">B\u00e9rczes D\u00e1vidot<\/a>&nbsp;is, aki Amerik\u00e1ban j\u00e1rt sakkoz\u00f3i \u00f6szt\u00f6nd\u00edjjal egyetemre, \u00e9s mellette sakkot oktatott. Term\u00e9szetesen ez a lista b\u0151v\u00fclhet m\u00e9g.<\/p>\n\n\n\n<p><strong>Milyen m\u00f3don seg\u00edtitek majd a kiv\u00e1lasztottakat?<\/strong><\/p>\n\n\n\n<p>Ut\u00f3finansz\u00edroz\u00e1st tervez\u00fcnk, ahol majd a sz\u00fcl\u0151vel val\u00f3 egyeztet\u00e9s sor\u00e1n der\u00fcl ki, hogy az adott t\u00e1mogat\u00e1st milyen m\u00e9rt\u00e9kben ford\u00edtjuk az edz\u0151j\u00fck edz\u00e9seire vagy a versenyeztet\u00e9sre.<\/p>\n\n\n\n<p><strong>Mennyire lesz f\u00fcggetlen a munk\u00e1d a sz\u00f6vets\u00e9gen bel\u00fcl?<\/strong><\/p>\n\n\n\n<p>\u00dagy gondolom,hogy a felel\u0151ss\u00e9g az eny\u00e9m, de k\u00f6z\u00f6sen \u00f6ssze kell dolgozni az eln\u00f6ks\u00e9ggel, az Ifj\u00fas\u00e1gi Bizotts\u00e1ggal \u00e9s mag\u00e1val a hivatallal is. Mindemellett fontos, hogy a feln\u0151tt v\u00e1logatottak kapit\u00e1nyaival is j\u00f3 legyen a kapcsolat, mert k\u00f6lcs\u00f6n\u00f6sen seg\u00edthetj\u00fck egym\u00e1s munk\u00e1j\u00e1t. A l\u00e1nyok eset\u00e9ben m\u00e1r most l\u00e1tszik, hogy lesz \u00e1tfed\u00e9s az ifik \u00e9s a feln\u0151ttek k\u00f6z\u00f6tt, \u00e9s rem\u00e9lem el\u0151bb-ut\u00f3bb a f\u00e9rfiakn\u00e1l is lesz majd \u00e9rintett j\u00e1t\u00e9kos.<\/p>\n\n\n\n<p><strong>A j\u00e1rv\u00e1ny ut\u00f3bbi egy \u00e9v\u00e9ben a vil\u00e1gban rengeteg fiatal \u00e9lsakkoz\u00f3 alig j\u00e1tszott jegyzett partit. Szerinted ez mennyire nyomja majd r\u00e1 a teljes\u00edtm\u00e9nyekre a b\u00e9lyeg\u00e9t?<\/strong><\/p>\n\n\n\n<p>\u00dagy gondolom, hogy az elm\u00falt egy \u00e9v nem olyan nagy kihagy\u00e1s, mert n\u00e9mi verseny az\u00e9rt volt k\u00f6zben. Biztosan lesznek olyanok, akiknek \u00e1rtott a sz\u00fcnet, de m\u00e1soknak meg haszn\u00e1lt ez a k\u00e9nyszerpihen\u0151, mert volt idej\u00fck k\u00e9sz\u00fclni, er\u0151s\u00f6dni. Megvannak azok az edz\u00e9sm\u00f3dszerek, amelyekkel kev\u00e9s verseny eset\u00e9n is lehet el\u0151rel\u00e9pni. Rem\u00e9lj\u00fck, nem kell \u00fajabb egy \u00e9vet kihagyniuk a fiatal versenyz\u0151inknek, mert az m\u00e1r lehet, hogy sok lenne. Igaz, hogy mivel ez a vil\u00e1g \u00e9lmez\u0151ny\u00e9t is \u00e9rinti, ez\u00e9rt ki lehet haszn\u00e1lni, ak\u00e1r a k\u00e9t \u00e9v kihagy\u00e1st is \u00e9s sokakat megel\u0151zni \u201etitokban\u201d.<\/p>\n\n\n\n<p><strong>18 \u00e9v alatt t\u00f6bb koroszt\u00e1lyt is \u00e1tfog majd a munk\u00e1d. Ez j\u00e1t\u00e9ker\u0151ben is l\u00e9nyeges elt\u00e9r\u00e9st jelent. Nehez\u00edti ez a dolgodat?<\/strong><\/p>\n\n\n\n<p>Volt m\u00e1r 1800 \u00c9l\u0151-pontos tan\u00edtv\u00e1nyom, \u00e9s val\u00f3ban, t\u00f6bbf\u00e9le felk\u00e9sz\u00fcl\u00e9si m\u00f3dszer kell egy ilyen t\u00e1gabb intervallumon bel\u00fcl, de legink\u00e1bb csak az ar\u00e1nyok m\u00e1sok. A k\u00fcl\u00f6nb\u00f6z\u0151 tud\u00e1sszinteken csak a dolgok fontoss\u00e1ga \u00e9s m\u00e9lys\u00e9ge v\u00e1ltozik, ami persze az edz\u00e9sm\u00f3dszert is meghat\u00e1rozza. Ha odafigyel\u00fcnk egy ilyen j\u00e1t\u00e9kosra, akkor \u00fagyis l\u00e1tjuk, hogy hol van sz\u00fcks\u00e9g az er\u0151s\u00edt\u00e9s\u00e9re.<\/p>\n\n\n\n<p><strong>Neh\u00e9z feladat felm\u00e9rni, hogy egy j\u00e1t\u00e9kos hol tart \u00e9ppen?<\/strong><\/p>\n\n\n\n<p>Ha a jelent n\u00e9zz\u00fck, akkor az el\u00e9rt eredm\u00e9nyek \u00e9s az \u00c9l\u0151-pontok alakul\u00e1sa is mutathat valamit, de a lej\u00e1tszott j\u00e1tszm\u00e1k l\u00e9p\u00e9sei rengeteget el\u00e1rulnak egy nagymester sz\u00e1m\u00e1ra.A j\u00f6v\u0151 szempontj\u00e1b\u00f3l az eddigi tapasztalataim alapj\u00e1n a hozz\u00e1\u00e1ll\u00e1s \u00e9s a motiv\u00e1ci\u00f3 a legfontosabb.<\/p>\n\n\n\n<p><strong>Versenyk\u00e9pes lehet a magyar ifisakk a sakk vil\u00e1g\u00e1ban?<\/strong><\/p>\n\n\n\n<p>Abszol\u00fat, b\u00e1r a k\u00f6zponti er\u0151forr\u00e1saink nem olyanok, mint egy gazdagabb orsz\u00e1gnak, p\u00e9ld\u00e1ul Amerik\u00e1nak. Magyarorsz\u00e1g m\u00e9gis folyamatosan az \u00e9lvonalban volt kor\u00e1bban. J\u00f3 az alapanyag, vannak megfelel\u0151 edz\u0151k \u00e9s er\u0151s ellenfelek az orsz\u00e1gon bel\u00fcl. Az anyagiak szerepe csak egy t\u00e9nyez\u0151 a sikerben. Egyed\u00fcl is el lehet jutni Fide-mester, nemzetk\u00f6zi mester szintig, ha szorgalmas valaki \u00e9s beleteszi az idej\u00e9t \u00e9s kem\u00e9nyen dolgozik ez\u00e9rt a c\u00e9l\u00e9rt.<\/p>\n\n\n\n<p>Itt van a versenyek k\u00e9rd\u00e9se. \u00c9n is tapasztaltam, hogy sok verseny elt\u0171nt az \u00e9vtizedek alatt. Sz\u00fcks\u00e9g lesz er\u0151s versenyekre \u00e9s ezek mellett a nem dr\u00e1ga gyerekversenyek megszervez\u00e9s\u00e9re is. Sok \u00e9lm\u00e9nyt adtak ak\u00e1r a j\u00e1t\u00e9k, ak\u00e1r a k\u00f6z\u00f6ss\u00e9g szintj\u00e9n ezek a megm\u00e9rettet\u00e9sek nek\u00fcnk, amikor gyerekek voltunk. Jobb \u00e9s hasznosabb id\u0151t\u00f6lt\u00e9snek tartok egy sakkversenyt, mint esetleg a TikTok eg\u00e9sz napos m\u00e9rt\u00e9ktelen haszn\u00e1lat\u00e1t.<\/p>\n\n\n\n<p><strong>Mit javasoln\u00e1l azoknak a versenysakkoz\u00f3knak az el\u0151rel\u00e9p\u00e9shez, akik m\u00e9g nem tartoznak az \u00e9lj\u00e1t\u00e9kosok k\u00f6z\u00e9?<\/strong><\/p>\n\n\n\n<p>Sokan nem szorgalmasak, csak van egy edz\u0151j\u00fck. Edz\u00e9seken k\u00edv\u00fcl nem is nagyon gondolnak a sakkra. \u00c9rt\u00e9k egy j\u00f3 edz\u0151, de a szorgalom m\u00e9g \u00e9rt\u00e9kesebb. Rengeteg k\u00f6nyv \u00e9s anyag el\u00e9rhet\u0151 a k\u00fcl\u00f6nb\u00f6z\u0151 tud\u00e1sszinteken, amelyekkel lehet el\u0151re haladni. Ha van ehhez egy j\u00f3 elemz\u0151 partner, j\u00e1t\u00e9kost\u00e1rs, az nagyon nagy seg\u00edts\u00e9g. Az optim\u00e1lis persze az, ha van a gyerekeknek szorgalmuk is, kedv\u00fck is \u00e9s j\u00f3 edz\u0151j\u00fck is.<\/p>\n\n\n\n<p>Amit \u00e9n javasolni tudok az az, hogy legyen egy \u00e9vben 3-4 komoly verseny, \u00e9s sakkozzon, dolgozzon sokat. Ha szereti a sakkot, akkor meglesz a motiv\u00e1ci\u00f3ja mindehhez. Mondja meg az edz\u0151j\u00e9nek, hogy \u0151 \u00e9lsakkoz\u00f3 akar lenni \u00e9s tegy\u00e9k bele az idej\u00fcket mindketten! Az edz\u0151nek is egy szakmai kih\u00edv\u00e1s, egy lehet\u0151s\u00e9g ez.<\/p>\n\n\n\n<p><strong>Szigor\u00fa embernek tartod magad?<\/strong><\/p>\n\n\n\n<p>Az \u00f6nismeret neh\u00e9z dolog. Ha k\u00e9t v\u00e9glet van, \u00e9s az egyik az, hogy az ember nagyon k\u00f6nnyen k\u00f6t kompromisszumokat, a m\u00e1sik pedig az, hogy erre soha nem hajland\u00f3, akkor kijelenthetem, hogy k\u00f6zel lehetek a k\u00f6z\u00e9pponthoz.<\/p>\n\n\n\n<p><strong>Ha j\u00f3l tudjuk, van most egy m\u00e1sik komoly feladat is, amivel megb\u00edztak.<\/strong><\/p>\n\n\n\n<p>Igen, elv\u00e1llaltam a csapatvezet\u0151i feladatokat a&nbsp;<a href=\"https:\/\/hu.wikipedia.org\/wiki\/Mitropa_Kupa_(sakk)\" target=\"_blank\" rel=\"noreferrer noopener\">Mitropa Kup\u00e1n<\/a>&nbsp;indul\u00f3 f\u00e9rfi csapatn\u00e1l. A n\u0151k eset\u00e9ben ezt a szak\u00e1g sz\u00f6vets\u00e9gi kapit\u00e1nya,&nbsp;<a href=\"https:\/\/hu.wikipedia.org\/wiki\/Papp_G%C3%A1bor_(sakkoz%C3%B3)\" target=\"_blank\" rel=\"noreferrer noopener\">Papp G\u00e1bor<\/a>&nbsp;l\u00e1tja majd el.<\/p>\n\n\n\n<p>A mostani verseny t\u00f6bb szempontb\u00f3l is el fog t\u00e9rni az el\u0151z\u0151ekt\u0151l. Hibrid lebonyol\u00edt\u00e1s\u00fa lesz, amelynek sor\u00e1n sz\u00e1m\u00edt\u00f3g\u00e9pen kell megtenni a l\u00e9p\u00e9seket a j\u00e1t\u00e9kosoknak. Minden orsz\u00e1g saj\u00e1t versenyz\u0151i egy-egy teremben fognak j\u00e1tszani, ahol az ellenfelek csak virtu\u00e1lisan lesznek jelen. A j\u00e1t\u00e9kosoknak lehet\u0151s\u00e9g\u00fck lesz arra, hogy sakkt\u00e1bl\u00e1n is k\u00f6vethess\u00e9k a j\u00e1tszm\u00e1ikat folyamatos b\u00edr\u00f3i fel\u00fcgyelet mellett.<br>J\u00f3 kezdem\u00e9nyez\u00e9snek tartom ezt, hiszen jobb, mint, ha semmi nem lenne. Az is igaz, hogy nekem az\u00e9rt elvenne ez a m\u0171faj a j\u00e1tszma \u00e9rt\u00e9k\u00e9b\u0151l, mivel szerintem az adja meg igaz\u00e1n a meccs alaphangulat\u00e1t, amikor a k\u00e9t ellenf\u00e9l ott \u00fcl egym\u00e1ssal szemben. Ennek ellen\u00e9re, ha ezzel nem venn\u00e9m el a j\u00e1t\u00e9klehet\u0151s\u00e9get m\u00e1st\u00f3l, sz\u00edvesen kipr\u00f3b\u00e1ln\u00e1m, mert hi\u00e1nyzik m\u00e1r a norm\u00e1l j\u00e1t\u00e9kidej\u0171 j\u00e1tszma.<\/p>\n\n\n\n<p>\u00c1prilis 22-ig kell leadnunk a 4+2 f\u0151s csapat pontos \u00f6ssze\u00e1ll\u00edt\u00e1s\u00e1t. A 2019-es Mitrop\u00e1n arany\u00e9rmet szerz\u0151 g\u00e1rd\u00e1b\u00f3l m\u00e1r t\u00f6bben v\u00e1llalt\u00e1k a megm\u00e9rettet\u00e9st, aminek nagyon \u00f6r\u00fcl\u00f6k. Ezen a versenyen n\u00e1lunk \u00e9s sok m\u00e1s orsz\u00e1gban is hagyom\u00e1ny, hogy az ifik is lehet\u0151s\u00e9get kapnak a szerepl\u00e9sre a v\u00e1logatottban. Id\u00e9n k\u00e9t vagy h\u00e1rom f\u0151nek tervezek az ifj\u00fas\u00e1giak k\u00f6z\u00fcl j\u00e1t\u00e9klehet\u0151s\u00e9get biztos\u00edtani.<br>J\u00f3 lenne megism\u00e9telni az utols\u00f3 sikert, de neh\u00e9z j\u00f3solni b\u00e1rmit is. Nem tudni, hogy milyen er\u0151s csapatokat deleg\u00e1l a t\u00f6bbi orsz\u00e1g. A pand\u00e9mia \u00e9s a hibrid forma miatt lehets\u00e9ges, hogy a szokottn\u00e1l gyeng\u00e9bb v\u00e1logatottal \u00e1llnak majd ki egyes orsz\u00e1gok, vagy \u00e9ppen kihaszn\u00e1lj\u00e1k, hogy nem kell utazni \u00e9s beizz\u00edtanak majd nagy neveket is a csapataikban.<\/p>\n\n\n\n<p><strong>Sok sikert k\u00edv\u00e1nunk a munk\u00e1dhoz!<\/strong><\/p>\n","protected":false},"excerpt":{"rendered":"<p>\u201eAz edz\u0151ket a gyerek \u00e9s a sz\u00fcl\u0151 v\u00e1lasztja meg\u201d \u2013 interj\u00fa az \u00faj ifj\u00fas\u00e1gi sz\u00f6vets\u00e9gi<\/p>\n","protected":false},"author":6,"featured_media":0,"parent":0,"menu_order":0,"comment_status":"closed","ping_status":"closed","template":"","meta":{"footnotes":""},"class_list":["post-948","page","type-page","status-publish","hentry"],"_links":{"self":[{"href":"https:\/\/chess.hu\/maroczy\/wp-json\/wp\/v2\/pages\/948","targetHints":{"allow":["GET"]}}],"collection":[{"href":"https:\/\/chess.hu\/maroczy\/wp-json\/wp\/v2\/pages"}],"about":[{"href":"https:\/\/chess.hu\/maroczy\/wp-json\/wp\/v2\/types\/page"}],"author":[{"embeddable":true,"href":"https:\/\/chess.hu\/maroczy\/wp-json\/wp\/v2\/users\/6"}],"replies":[{"embeddable":true,"href":"https:\/\/chess.hu\/maroczy\/wp-json\/wp\/v2\/comments?post=948"}],"version-history":[{"count":1,"href":"https:\/\/chess.hu\/maroczy\/wp-json\/wp\/v2\/pages\/948\/revisions"}],"predecessor-version":[{"id":949,"href":"https:\/\/chess.hu\/maroczy\/wp-json\/wp\/v2\/pages\/948\/revisions\/949"}],"wp:attachment":[{"href":"https:\/\/chess.hu\/maroczy\/wp-json\/wp\/v2\/media?parent=948"}],"curies":[{"name":"wp","href":"https:\/\/api.w.org\/{rel}","templated":true}]}}