{"id":830,"date":"2021-10-03T15:12:52","date_gmt":"2021-10-03T15:12:52","guid":{"rendered":"https:\/\/chess.hu\/maroczy\/?page_id=830"},"modified":"2022-06-05T09:29:02","modified_gmt":"2022-06-05T09:29:02","slug":"2021-2022","status":"publish","type":"page","link":"https:\/\/chess.hu\/maroczy\/2021-2022\/","title":{"rendered":"2021\/2022"},"content":{"rendered":"\n<figure class=\"wp-block-table is-style-stripes\"><table><thead><tr><th class=\"has-text-align-center\" data-align=\"center\">Ssz.<\/th><th class=\"has-text-align-center\" data-align=\"center\">D\u00e1tum<\/th><th class=\"has-text-align-center\" data-align=\"center\"><strong>Verseny \/ link<\/strong><\/th><\/tr><\/thead><tbody><tr><td class=\"has-text-align-center\" data-align=\"center\">1.<\/td><td class=\"has-text-align-center\" data-align=\"center\">2021.10.01<\/td><td class=\"has-text-align-center\" data-align=\"center\"><a href=\"http:\/\/chess-results.com\/tnr581037.aspx?lan=1\" target=\"_blank\" rel=\"noreferrer noopener\">Vill\u00e1mverseny, M\u00e1trah\u00e1za<\/a><\/td><\/tr><tr><td class=\"has-text-align-center\" data-align=\"center\">2.<\/td><td class=\"has-text-align-center\" data-align=\"center\">2021.10.04<\/td><td class=\"has-text-align-center\" data-align=\"center\"><a href=\"https:\/\/chess-results.com\/tnr582522.aspx?lan=1&amp;art=1&amp;turdet=YES&amp;flag=30\" target=\"_blank\" rel=\"noreferrer noopener\">Rapidverseny, M\u00e1trah\u00e1za<\/a><\/td><\/tr><tr><td class=\"has-text-align-center\" data-align=\"center\">3.<\/td><td class=\"has-text-align-center\" data-align=\"center\">2021.11.07<\/td><td class=\"has-text-align-center\" data-align=\"center\"><a href=\"http:\/\/chess-results.com\/tnr589289.aspx?lan=1&amp;art=1&amp;rd=7&amp;turdet=YES&amp;flag=30\" target=\"_blank\" rel=\"noreferrer noopener\">Vill\u00e1mverseny, Fadd<\/a><\/td><\/tr><tr><td class=\"has-text-align-center\" data-align=\"center\">4.<\/td><td class=\"has-text-align-center\" data-align=\"center\">2021.11.10<\/td><td class=\"has-text-align-center\" data-align=\"center\"><a href=\"http:\/\/chess-results.com\/tnr589963.aspx?lan=1&amp;art=1&amp;rd=7&amp;turdet=YES&amp;flag=30\" target=\"_blank\" rel=\"noreferrer noopener\">Rapidverseny kicsik, Fadd<\/a><\/td><\/tr><tr><td class=\"has-text-align-center\" data-align=\"center\">5.<\/td><td class=\"has-text-align-center\" data-align=\"center\">2021.11.10<\/td><td class=\"has-text-align-center\" data-align=\"center\"><a href=\"http:\/\/chess-results.com\/tnr589961.aspx?lan=1&amp;art=1&amp;turdet=YES&amp;flag=30\" target=\"_blank\" rel=\"noreferrer noopener\">Rapidverseny nagyok, Fadd<\/a><\/td><\/tr><tr><td class=\"has-text-align-center\" data-align=\"center\">6.<\/td><td class=\"has-text-align-center\" data-align=\"center\">2021.12.08-12.15<\/td><td class=\"has-text-align-center\" data-align=\"center\"><a href=\"http:\/\/chess-results.com\/tnr570690.aspx?lan=1\" target=\"_blank\" rel=\"noreferrer noopener\">44. Tenkes Kupa, Fideverseny &#8222;A&#8221;<\/a><\/td><\/tr><tr><td class=\"has-text-align-center\" data-align=\"center\">7.<\/td><td class=\"has-text-align-center\" data-align=\"center\"> 2021.12.08-12.15 <\/td><td class=\"has-text-align-center\" data-align=\"center\"> <a href=\"http:\/\/chess-results.com\/tnr570689.aspx?lan=1\" target=\"_blank\" rel=\"noreferrer noopener\">44. Tenkes Kupa, Fideverseny &#8222;B&#8221; <\/a><\/td><\/tr><tr><td class=\"has-text-align-center\" data-align=\"center\">8.<\/td><td class=\"has-text-align-center\" data-align=\"center\">2022.01.09<\/td><td class=\"has-text-align-center\" data-align=\"center\"><a href=\"http:\/\/chess-results.com\/tnr604064.aspx?lan=1&amp;art=1&amp;turdet=YES&amp;flag=30\" target=\"_blank\" rel=\"noreferrer noopener\">Vill\u00e1mverseny, Medves<\/a><\/td><\/tr><tr><td class=\"has-text-align-center\" data-align=\"center\">9. <\/td><td class=\"has-text-align-center\" data-align=\"center\">2022.01.12<\/td><td class=\"has-text-align-center\" data-align=\"center\"><a href=\"http:\/\/chess-results.com\/tnr605021.aspx?lan=1&amp;art=1&amp;rd=7&amp;turdet=YES&amp;flag=30\" target=\"_blank\" rel=\"noreferrer noopener\">Rapidverseny kicsik, Medves<\/a><\/td><\/tr><tr><td class=\"has-text-align-center\" data-align=\"center\">10.<\/td><td class=\"has-text-align-center\" data-align=\"center\">2022.01.12<\/td><td class=\"has-text-align-center\" data-align=\"center\"><a href=\"http:\/\/chess-results.com\/tnr605020.aspx?lan=1&amp;art=1&amp;turdet=YES&amp;flag=30\">Rapidverseny nagyok, Medves<\/a><\/td><\/tr><tr><td class=\"has-text-align-center\" data-align=\"center\">11.<\/td><td class=\"has-text-align-center\" data-align=\"center\">2022.02.07<\/td><td class=\"has-text-align-center\" data-align=\"center\"><a href=\"http:\/\/chess-results.com\/tnr609305.aspx?lan=1\" target=\"_blank\" rel=\"noreferrer noopener\">Vill\u00e1mverseny, Medves<\/a><\/td><\/tr><tr><td class=\"has-text-align-center\" data-align=\"center\">12.<\/td><td class=\"has-text-align-center\" data-align=\"center\">2022.02.09<\/td><td class=\"has-text-align-center\" data-align=\"center\"><a href=\"http:\/\/chess-results.com\/tnr610229.aspx?lan=1&amp;art=1&amp;turdet=YES&amp;flag=30\" target=\"_blank\" rel=\"noreferrer noopener\">Rapidverseny kicsik, Medves<\/a><\/td><\/tr><tr><td class=\"has-text-align-center\" data-align=\"center\">13.<\/td><td class=\"has-text-align-center\" data-align=\"center\">2022.02.10<\/td><td class=\"has-text-align-center\" data-align=\"center\"> <a href=\"http:\/\/chess-results.com\/tnr610360.aspx?lan=1\" target=\"_blank\" rel=\"noreferrer noopener\">Rapidverseny nagyok, Medves <\/a><\/td><\/tr><tr><td class=\"has-text-align-center\" data-align=\"center\">14.<\/td><td class=\"has-text-align-center\" data-align=\"center\">2022.03.07<\/td><td class=\"has-text-align-center\" data-align=\"center\"><a href=\"http:\/\/chess-results.com\/tnr617187.aspx?lan=1\">Rapid verseny, Kincsem<\/a><\/td><\/tr><tr><td class=\"has-text-align-center\" data-align=\"center\">15.<\/td><td class=\"has-text-align-center\" data-align=\"center\">2022.03.08<\/td><td class=\"has-text-align-center\" data-align=\"center\"><a href=\"http:\/\/chess-results.com\/tnr617183.aspx?lan=1\">TEKI Fide vill\u00e1mverseny<\/a><\/td><\/tr><tr><td class=\"has-text-align-center\" data-align=\"center\">16.<\/td><td class=\"has-text-align-center\" data-align=\"center\">2022.04.03<\/td><td class=\"has-text-align-center\" data-align=\"center\"><a href=\"http:\/\/chess-results.com\/tnr625546.aspx?lan=1&amp;art=1&amp;rd=7&amp;turdet=YES&amp;flag=30\" target=\"_blank\" rel=\"noreferrer noopener\">V. Tekn\u0151s Vill\u00e1mverseny, Kincsem<\/a><\/td><\/tr><tr><td class=\"has-text-align-center\" data-align=\"center\">17.<\/td><td class=\"has-text-align-center\" data-align=\"center\">2022.04.06<\/td><td class=\"has-text-align-center\" data-align=\"center\"><a href=\"http:\/\/chess-results.com\/tnr625791.aspx?lan=1&amp;art=1&amp;rd=7&amp;turdet=YES&amp;flag=30\" target=\"_blank\" rel=\"noreferrer noopener\">Csigusz Kupa, Fide Rapid<\/a><\/td><\/tr><tr><td class=\"has-text-align-center\" data-align=\"center\">18.<\/td><td class=\"has-text-align-center\" data-align=\"center\">2022.05.21-05.24<\/td><td class=\"has-text-align-center\" data-align=\"center\"><a href=\"http:\/\/chess-results.com\/tnr617266.aspx?lan=1&amp;art=1&amp;rd=7&amp;turdet=YES&amp;flag=30\" target=\"_blank\" rel=\"noreferrer noopener\">XXIV. Baranya Nemzetk\u00f6zi Sakkverseny, Sopron<\/a><\/td><\/tr><\/tbody><\/table><\/figure>\n","protected":false},"excerpt":{"rendered":"<p>Ssz. D\u00e1tum Verseny \/ link 1. 2021.10.01 Vill\u00e1mverseny, M\u00e1trah\u00e1za 2. 2021.10.04 Rapidverseny, M\u00e1trah\u00e1za 3. 2021.11.07<\/p>\n","protected":false},"author":6,"featured_media":0,"parent":0,"menu_order":0,"comment_status":"closed","ping_status":"closed","template":"","meta":{"footnotes":""},"class_list":["post-830","page","type-page","status-publish","hentry"],"_links":{"self":[{"href":"https:\/\/chess.hu\/maroczy\/wp-json\/wp\/v2\/pages\/830","targetHints":{"allow":["GET"]}}],"collection":[{"href":"https:\/\/chess.hu\/maroczy\/wp-json\/wp\/v2\/pages"}],"about":[{"href":"https:\/\/chess.hu\/maroczy\/wp-json\/wp\/v2\/types\/page"}],"author":[{"embeddable":true,"href":"https:\/\/chess.hu\/maroczy\/wp-json\/wp\/v2\/users\/6"}],"replies":[{"embeddable":true,"href":"https:\/\/chess.hu\/maroczy\/wp-json\/wp\/v2\/comments?post=830"}],"version-history":[{"count":9,"href":"https:\/\/chess.hu\/maroczy\/wp-json\/wp\/v2\/pages\/830\/revisions"}],"predecessor-version":[{"id":1206,"href":"https:\/\/chess.hu\/maroczy\/wp-json\/wp\/v2\/pages\/830\/revisions\/1206"}],"wp:attachment":[{"href":"https:\/\/chess.hu\/maroczy\/wp-json\/wp\/v2\/media?parent=830"}],"curies":[{"name":"wp","href":"https:\/\/api.w.org\/{rel}","templated":true}]}}