{"id":823,"date":"2021-09-23T14:54:43","date_gmt":"2021-09-23T14:54:43","guid":{"rendered":"https:\/\/chess.hu\/maroczy\/?page_id=823"},"modified":"2021-09-23T14:54:43","modified_gmt":"2021-09-23T14:54:43","slug":"2020-2021","status":"publish","type":"page","link":"https:\/\/chess.hu\/maroczy\/2020-2021\/","title":{"rendered":"2020 \/ 2021"},"content":{"rendered":"\n<figure class=\"wp-block-table is-style-stripes\"><table><thead><tr><th class=\"has-text-align-center\" data-align=\"center\">Ssz.<\/th><th class=\"has-text-align-center\" data-align=\"center\">D\u00e1tum<\/th><th class=\"has-text-align-center\" data-align=\"center\">Verseny \/ link<\/th><\/tr><\/thead><tbody><tr><td class=\"has-text-align-center\" data-align=\"center\">1.<\/td><td class=\"has-text-align-center\" data-align=\"center\">2020.09.27<\/td><td class=\"has-text-align-center\" data-align=\"center\"><a href=\"http:\/\/chess-results.com\/tnr536181.aspx?lan=1&amp;fbclid=IwAR3zOJk139f-ttb8EL4w30w0q3qfMVCjXlYYMJk6Hx7vq9oGHkDqgR_JwZU\" target=\"_blank\" rel=\"noreferrer noopener\">Vill\u00e1mverseny M\u00e1trah\u00e1za&nbsp;<\/a><\/td><\/tr><tr><td class=\"has-text-align-center\" data-align=\"center\">2.<\/td><td class=\"has-text-align-center\" data-align=\"center\">2020.09.29<\/td><td class=\"has-text-align-center\" data-align=\"center\"><a href=\"http:\/\/chess-results.com\/tnr536316.aspx?lan=1&amp;art=0&amp;turdet=YES&amp;flag=30\" target=\"_blank\" rel=\"noreferrer noopener\">T\u00e9maverseny M\u00e1trah\u00e1za, L\u00e1nyok<\/a><\/td><\/tr><tr><td class=\"has-text-align-center\" data-align=\"center\">3.<\/td><td class=\"has-text-align-center\" data-align=\"center\">2020.09.29<\/td><td class=\"has-text-align-center\" data-align=\"center\"><a href=\"http:\/\/chess-results.com\/tnr536317.aspx?lan=1&amp;art=1&amp;turdet=YES&amp;flag=30\" target=\"_blank\" rel=\"noreferrer noopener\">T\u00e9maverseny M\u00e1trah\u00e1za, Fi\u00fak 1<\/a><\/td><\/tr><tr><td class=\"has-text-align-center\" data-align=\"center\">4.<\/td><td class=\"has-text-align-center\" data-align=\"center\">2020.09.29<\/td><td class=\"has-text-align-center\" data-align=\"center\"><a href=\"http:\/\/chess-results.com\/tnr536318.aspx?lan=1&amp;art=1&amp;turdet=YES&amp;flag=30\" target=\"_blank\" rel=\"noreferrer noopener\">T\u00e9maverseny M\u00e1trah\u00e1za, Fi\u00fak 2<\/a><\/td><\/tr><tr><td class=\"has-text-align-center\" data-align=\"center\">5.<\/td><td class=\"has-text-align-center\" data-align=\"center\">2020.11.01<\/td><td class=\"has-text-align-center\" data-align=\"center\"><a href=\"http:\/\/chess-results.com\/tnr539603.aspx?lan=1&amp;art=0&amp;turdet=YES&amp;flag=30\" target=\"_blank\" rel=\"noreferrer noopener\">Vill\u00e1mverseny Lakitelek&nbsp;<\/a><\/td><\/tr><tr><td class=\"has-text-align-center\" data-align=\"center\">6.<\/td><td class=\"has-text-align-center\" data-align=\"center\">2020.11.04<\/td><td class=\"has-text-align-center\" data-align=\"center\"><a href=\"http:\/\/chess-results.com\/tnr539906.aspx?lan=1&amp;art=0&amp;turdet=YES&amp;flag=30\" target=\"_blank\" rel=\"noreferrer noopener\">Rapidverseny Lakitelek&nbsp;<\/a><\/td><\/tr><tr><td class=\"has-text-align-center\" data-align=\"center\">7.<\/td><td class=\"has-text-align-center\" data-align=\"center\">2020.12.09<\/td><td class=\"has-text-align-center\" data-align=\"center\"><a href=\"https:\/\/lichess.org\/swiss\/vRqM9I1M?fbclid=IwAR2Hqu2UX3gP6s_lPd3aOj2CDXlf8WCZGhFpyK157cvLaG6k2xLYDAD8kRE\" target=\"_blank\" rel=\"noreferrer noopener\">I. Bagoly Kupa, online verseny<\/a><\/td><\/tr><tr><td class=\"has-text-align-center\" data-align=\"center\">8.<\/td><td class=\"has-text-align-center\" data-align=\"center\">2021.01.06<\/td><td class=\"has-text-align-center\" data-align=\"center\"><a href=\"https:\/\/lichess.org\/swiss\/anQLcemz?fbclid=IwAR3HFfgnSLL1UKhMBPhVF2-PbqIaBLZUwnDBs4sLGSyVwkxWZeFnIfHFv_E\" target=\"_blank\" rel=\"noreferrer noopener\">II. Bagoly Kupa, online verseny&nbsp;<\/a><\/td><\/tr><tr><td class=\"has-text-align-center\" data-align=\"center\">9.<\/td><td class=\"has-text-align-center\" data-align=\"center\">2021.02.10<\/td><td class=\"has-text-align-center\" data-align=\"center\"><a href=\"https:\/\/lichess.org\/swiss\/O1HujUmW\" target=\"_blank\" rel=\"noreferrer noopener\">III. Bagoly Kupa, online verseny&nbsp;<\/a><\/td><\/tr><tr><td class=\"has-text-align-center\" data-align=\"center\">10.<\/td><td class=\"has-text-align-center\" data-align=\"center\"> 2021.03.10&nbsp;<\/td><td class=\"has-text-align-center\" data-align=\"center\"><a href=\"https:\/\/lichess.org\/swiss\/dpdMNLGx\">IV. Bagoly Kupa, online verseny&nbsp;<\/a><\/td><\/tr><tr><td class=\"has-text-align-center\" data-align=\"center\">11.<\/td><td class=\"has-text-align-center\" data-align=\"center\">2021.04.14&nbsp;<\/td><td class=\"has-text-align-center\" data-align=\"center\"><a href=\"https:\/\/lichess.org\/swiss\/x0raXSSl\" target=\"_blank\" rel=\"noreferrer noopener\">V. Bagoly Kupa, online verseny&nbsp;<\/a><\/td><\/tr><tr><td class=\"has-text-align-center\" data-align=\"center\">12.<\/td><td class=\"has-text-align-center\" data-align=\"center\">2021.05.23<\/td><td class=\"has-text-align-center\" data-align=\"center\"><a href=\"http:\/\/chess-results.com\/tnr560277.aspx?lan=1&amp;art=1&amp;fed=HUN&amp;turdet=YES&amp;flag=30\" target=\"_blank\" rel=\"noreferrer noopener\">Bagoly Fide Vill\u00e1m Kupa, offline verseny&nbsp;<\/a><\/td><\/tr><tr><td class=\"has-text-align-center\" data-align=\"center\">13.<\/td><td class=\"has-text-align-center\" data-align=\"center\">2021.05.26&nbsp;<\/td><td class=\"has-text-align-center\" data-align=\"center\"><a href=\"http:\/\/chess-results.com\/tnr560278.aspx?lan=1&amp;art=1&amp;rd=7&amp;turdet=YES&amp;flag=30\" target=\"_blank\" rel=\"noreferrer noopener\">Bagoly Fide Rapid Vill\u00e1m Kupa, offline verseny&nbsp;<\/a><\/td><\/tr><\/tbody><\/table><\/figure>\n","protected":false},"excerpt":{"rendered":"<p>Ssz. D\u00e1tum Verseny \/ link 1. 2020.09.27 Vill\u00e1mverseny M\u00e1trah\u00e1za&nbsp; 2. 2020.09.29 T\u00e9maverseny M\u00e1trah\u00e1za, L\u00e1nyok 3.<\/p>\n","protected":false},"author":6,"featured_media":0,"parent":0,"menu_order":0,"comment_status":"closed","ping_status":"closed","template":"","meta":{"footnotes":""},"class_list":["post-823","page","type-page","status-publish","hentry"],"_links":{"self":[{"href":"https:\/\/chess.hu\/maroczy\/wp-json\/wp\/v2\/pages\/823","targetHints":{"allow":["GET"]}}],"collection":[{"href":"https:\/\/chess.hu\/maroczy\/wp-json\/wp\/v2\/pages"}],"about":[{"href":"https:\/\/chess.hu\/maroczy\/wp-json\/wp\/v2\/types\/page"}],"author":[{"embeddable":true,"href":"https:\/\/chess.hu\/maroczy\/wp-json\/wp\/v2\/users\/6"}],"replies":[{"embeddable":true,"href":"https:\/\/chess.hu\/maroczy\/wp-json\/wp\/v2\/comments?post=823"}],"version-history":[{"count":1,"href":"https:\/\/chess.hu\/maroczy\/wp-json\/wp\/v2\/pages\/823\/revisions"}],"predecessor-version":[{"id":824,"href":"https:\/\/chess.hu\/maroczy\/wp-json\/wp\/v2\/pages\/823\/revisions\/824"}],"wp:attachment":[{"href":"https:\/\/chess.hu\/maroczy\/wp-json\/wp\/v2\/media?parent=823"}],"curies":[{"name":"wp","href":"https:\/\/api.w.org\/{rel}","templated":true}]}}