{"id":665,"date":"2021-04-30T17:54:12","date_gmt":"2021-04-30T17:54:12","guid":{"rendered":"https:\/\/chess.hu\/maroczy\/?page_id=665"},"modified":"2024-02-05T21:44:57","modified_gmt":"2024-02-05T21:44:57","slug":"edzok-nagymester-iskola","status":"publish","type":"page","link":"https:\/\/chess.hu\/maroczy\/edzok-nagymester-iskola\/","title":{"rendered":"Edz\u0151k &#8211; nagymester iskola"},"content":{"rendered":"\n<div class=\"wp-block-media-text alignwide is-stacked-on-mobile\" style=\"grid-template-columns:31% auto\"><figure class=\"wp-block-media-text__media\"><img loading=\"lazy\" decoding=\"async\" width=\"914\" height=\"991\" src=\"https:\/\/chess.hu\/maroczy\/wp-content\/uploads\/2024\/02\/gyapi.jpeg\" alt=\"\" class=\"wp-image-1561 size-full\" srcset=\"https:\/\/chess.hu\/maroczy\/wp-content\/uploads\/2024\/02\/gyapi.jpeg 914w, https:\/\/chess.hu\/maroczy\/wp-content\/uploads\/2024\/02\/gyapi-277x300.jpeg 277w, https:\/\/chess.hu\/maroczy\/wp-content\/uploads\/2024\/02\/gyapi-768x833.jpeg 768w\" sizes=\"auto, (max-width: 914px) 100vw, 914px\" \/><\/figure><div class=\"wp-block-media-text__content\">\n<p class=\"has-normal-font-size\"><strong>Galyas<\/strong> <strong>Mikl\u00f3s <\/strong>vagyok, nemzetk\u00f6zi nagymester, legmagasabb \u00e9l\u0151 pontsz\u00e1mom 2517. Edz\u0151k\u00e9nt Fide-Trainer (FT) c\u00edmmel rendelkezem. K\u00f6zel 20 \u00e9ve edz\u0151sk\u00f6d\u00f6m, ez alatt 4 tan\u00edtv\u00e1nyom szerezte meg a nagymesteri c\u00edmet, h\u00e1rman a k\u00f6z\u00f6s munk\u00e1nk idej\u00e9n. K\u00e9t tan\u00edtv\u00e1nyom mutatkozhatott be a magyar feln\u0151tt v\u00e1logatottban, egy pedig Ausztri\u00e1ban. Szekund\u00e1nsk\u00e9nt dolgoztam m\u00e1r n\u0151i \u00e9s f\u00e9rfi v\u00e1logatott j\u00e1t\u00e9kosoknak is.<\/p>\n<\/div><\/div>\n\n\n\n<div class=\"wp-block-columns is-layout-flex wp-container-core-columns-is-layout-28f84493 wp-block-columns-is-layout-flex\">\n<div class=\"wp-block-column is-layout-flow wp-block-column-is-layout-flow\">\n<div class=\"wp-block-group is-layout-flow wp-block-group-is-layout-flow\">\n<div class=\"wp-block-media-text alignwide is-stacked-on-mobile\" style=\"grid-template-columns:31% auto\"><figure class=\"wp-block-media-text__media\"><img loading=\"lazy\" decoding=\"async\" width=\"338\" height=\"503\" src=\"https:\/\/chess.hu\/maroczy\/wp-content\/uploads\/2021\/04\/Gonda-L-1.png\" alt=\"\" class=\"wp-image-667 size-full\" srcset=\"https:\/\/chess.hu\/maroczy\/wp-content\/uploads\/2021\/04\/Gonda-L-1.png 338w, https:\/\/chess.hu\/maroczy\/wp-content\/uploads\/2021\/04\/Gonda-L-1-202x300.png 202w\" sizes=\"auto, (max-width: 338px) 100vw, 338px\" \/><\/figure><div class=\"wp-block-media-text__content\">\n<p><strong>Gonda L\u00e1szl\u00f3, nemzetk\u00f6zi nagymester:<\/strong> U12 koroszt\u00e1lyos magyar bajnoks\u00e1got nyert 2000-ben Pakson, \u00e9s 1. helyezett volt az U14 magyar bajnoks\u00e1gon 2001-ben Balatonlell\u00e9n. Az U16 koroszt\u00e1lyos magyar bajnoks\u00e1gon 2004-ben Miskolcon a 2. helyez\u00e9st \u00e9rte el. Az U12 koroszt\u00e1lyos vil\u00e1gbajnoks\u00e1gon (Oropesa del Mar, 2000) ez\u00fcst\u00e9rmet, az U14 vil\u00e1gbajnoks\u00e1gon 2001-ben bronz\u00e9rmet szerzett. 2006-ban \u00e9s 2013-ban megnyerte a ny\u00edlt magyar bajnoks\u00e1got. 2006-ban kapta meg a nemzetk\u00f6zi mesteri c\u00edmet, 2010-ben szerezte meg a nemzetk\u00f6zi nagymesteri fokozatot. 2010-ben \u00e1tt\u00e9rt edz\u0151i p\u00e1ly\u00e1ra. Edz\u0151-szekund\u00e1nsa volt Rapport Rich\u00e1rdnak \u00e9s Berkes Ferencnek. Leger\u0151sebb tan\u00edtv\u00e1nyai: K\u00e1ntor Gergely, Koz\u00e1k \u00c1d\u00e1m. Sz\u00e1mos megnyit\u00e1selm\u00e9leti cikket \u00edrt a Yearbook magazinba. 2015-t\u0151l csapatkapit\u00e1ny a Dunaharaszti MTK NB1-es sakk csapat\u00e1ban. 2020-ban megkapta a FIDE-t\u0151l a legmagasabb edz\u0151i titulust, a FIDE Senior Trainer (FST) c\u00edmet. 2021-ben kinevezt\u00e9k a Sakksz\u00f6vets\u00e9g Ifj\u00fas\u00e1gi sz\u00f6vets\u00e9gi kapit\u00e1ny\u00e1nak.<\/p>\n\n\n\n<p><\/p>\n<\/div><\/div>\n\n\n\n<p><\/p>\n<\/div>\n<\/div>\n<\/div>\n","protected":false},"excerpt":{"rendered":"<p>Galyas Mikl\u00f3s vagyok, nemzetk\u00f6zi nagymester, legmagasabb \u00e9l\u0151 pontsz\u00e1mom 2517. Edz\u0151k\u00e9nt Fide-Trainer (FT) c\u00edmmel rendelkezem. K\u00f6zel<\/p>\n","protected":false},"author":6,"featured_media":0,"parent":0,"menu_order":0,"comment_status":"closed","ping_status":"closed","template":"","meta":{"footnotes":""},"class_list":["post-665","page","type-page","status-publish","hentry"],"_links":{"self":[{"href":"https:\/\/chess.hu\/maroczy\/wp-json\/wp\/v2\/pages\/665","targetHints":{"allow":["GET"]}}],"collection":[{"href":"https:\/\/chess.hu\/maroczy\/wp-json\/wp\/v2\/pages"}],"about":[{"href":"https:\/\/chess.hu\/maroczy\/wp-json\/wp\/v2\/types\/page"}],"author":[{"embeddable":true,"href":"https:\/\/chess.hu\/maroczy\/wp-json\/wp\/v2\/users\/6"}],"replies":[{"embeddable":true,"href":"https:\/\/chess.hu\/maroczy\/wp-json\/wp\/v2\/comments?post=665"}],"version-history":[{"count":13,"href":"https:\/\/chess.hu\/maroczy\/wp-json\/wp\/v2\/pages\/665\/revisions"}],"predecessor-version":[{"id":1563,"href":"https:\/\/chess.hu\/maroczy\/wp-json\/wp\/v2\/pages\/665\/revisions\/1563"}],"wp:attachment":[{"href":"https:\/\/chess.hu\/maroczy\/wp-json\/wp\/v2\/media?parent=665"}],"curies":[{"name":"wp","href":"https:\/\/api.w.org\/{rel}","templated":true}]}}