{"id":58,"date":"2020-12-12T18:16:52","date_gmt":"2020-12-12T18:16:52","guid":{"rendered":"http:\/\/chess.hu\/maroczy\/?page_id=58"},"modified":"2023-09-23T09:08:48","modified_gmt":"2023-09-23T09:08:48","slug":"online-nagymester-iskola-meghivott-versenyzoi","status":"publish","type":"page","link":"https:\/\/chess.hu\/maroczy\/online-nagymester-iskola-meghivott-versenyzoi\/","title":{"rendered":"Nagymester csoport megh\u00edvott versenyz\u0151i"},"content":{"rendered":"\n<p>Gonda L\u00e1szl\u00f3 nagymester, ifj\u00fas\u00e1gi sz\u00f6vets\u00e9gi kapit\u00e1ny \u00e9s Galyas Mikl\u00f3s nemzetk\u00f6zi mester a nagymester csoport k\u00e9pz\u00e9s\u00e9t vezeti a k\u00f6zponti iskola edz\u00e9sheteiben.<\/p>\n\n\n\n<p><strong>A csoport tagjai 2023-24 tan\u00e9vben:<\/strong><\/p>\n\n\n\n<div class=\"wp-block-image\"><figure class=\"aligncenter size-full\"><img loading=\"lazy\" decoding=\"async\" width=\"328\" height=\"222\" src=\"https:\/\/chess.hu\/maroczy\/wp-content\/uploads\/2023\/09\/image-4.png\" alt=\"\" class=\"wp-image-1496\" srcset=\"https:\/\/chess.hu\/maroczy\/wp-content\/uploads\/2023\/09\/image-4.png 328w, https:\/\/chess.hu\/maroczy\/wp-content\/uploads\/2023\/09\/image-4-300x203.png 300w\" sizes=\"auto, (max-width: 328px) 100vw, 328px\" \/><\/figure><\/div>\n\n\n\n<div class=\"wp-block-columns is-layout-flex wp-container-core-columns-is-layout-28f84493 wp-block-columns-is-layout-flex\">\n<div class=\"wp-block-column is-layout-flow wp-block-column-is-layout-flow\" style=\"flex-basis:100%\"><\/div>\n<\/div>\n\n\n\n<p><\/p>\n\n\n\n<p><\/p>\n\n\n\n<p><\/p>\n","protected":false},"excerpt":{"rendered":"<p>Gonda L\u00e1szl\u00f3 nagymester, ifj\u00fas\u00e1gi sz\u00f6vets\u00e9gi kapit\u00e1ny \u00e9s Galyas Mikl\u00f3s nemzetk\u00f6zi mester a nagymester csoport k\u00e9pz\u00e9s\u00e9t<\/p>\n","protected":false},"author":3,"featured_media":0,"parent":0,"menu_order":0,"comment_status":"closed","ping_status":"closed","template":"","meta":{"footnotes":""},"class_list":["post-58","page","type-page","status-publish","hentry"],"_links":{"self":[{"href":"https:\/\/chess.hu\/maroczy\/wp-json\/wp\/v2\/pages\/58","targetHints":{"allow":["GET"]}}],"collection":[{"href":"https:\/\/chess.hu\/maroczy\/wp-json\/wp\/v2\/pages"}],"about":[{"href":"https:\/\/chess.hu\/maroczy\/wp-json\/wp\/v2\/types\/page"}],"author":[{"embeddable":true,"href":"https:\/\/chess.hu\/maroczy\/wp-json\/wp\/v2\/users\/3"}],"replies":[{"embeddable":true,"href":"https:\/\/chess.hu\/maroczy\/wp-json\/wp\/v2\/comments?post=58"}],"version-history":[{"count":21,"href":"https:\/\/chess.hu\/maroczy\/wp-json\/wp\/v2\/pages\/58\/revisions"}],"predecessor-version":[{"id":1497,"href":"https:\/\/chess.hu\/maroczy\/wp-json\/wp\/v2\/pages\/58\/revisions\/1497"}],"wp:attachment":[{"href":"https:\/\/chess.hu\/maroczy\/wp-json\/wp\/v2\/media?parent=58"}],"curies":[{"name":"wp","href":"https:\/\/api.w.org\/{rel}","templated":true}]}}