{"id":54,"date":"2020-12-12T18:13:55","date_gmt":"2020-12-12T18:13:55","guid":{"rendered":"http:\/\/chess.hu\/maroczy\/?page_id=54"},"modified":"2023-09-23T09:05:47","modified_gmt":"2023-09-23T09:05:47","slug":"kozponti-iskola-meghivott-versenyzoi","status":"publish","type":"page","link":"https:\/\/chess.hu\/maroczy\/kozponti-iskola-meghivott-versenyzoi\/","title":{"rendered":"Ut\u00e1np\u00f3tl\u00e1s K\u00f6zpont megh\u00edvott versenyz\u0151i"},"content":{"rendered":"\n<div class=\"wp-block-columns is-layout-flex wp-container-core-columns-is-layout-28f84493 wp-block-columns-is-layout-flex\">\n<div class=\"wp-block-column is-layout-flow wp-block-column-is-layout-flow\"><\/div>\n\n\n\n<div class=\"wp-block-column is-layout-flow wp-block-column-is-layout-flow\"><\/div>\n<\/div>\n\n\n\n<p class=\"has-text-align-center\"><strong>TEHETS\u00c9GKUTAT\u00d3 CSOPORT<\/strong>:<strong> IM MOLN\u00c1R B\u00c9LA<\/strong><\/p>\n\n\n\n<div class=\"wp-block-image\"><figure class=\"aligncenter size-full\"><img loading=\"lazy\" decoding=\"async\" width=\"332\" height=\"318\" src=\"https:\/\/chess.hu\/maroczy\/wp-content\/uploads\/2023\/09\/image.png\" alt=\"\" class=\"wp-image-1490\" srcset=\"https:\/\/chess.hu\/maroczy\/wp-content\/uploads\/2023\/09\/image.png 332w, https:\/\/chess.hu\/maroczy\/wp-content\/uploads\/2023\/09\/image-300x287.png 300w\" sizes=\"auto, (max-width: 332px) 100vw, 332px\" \/><\/figure><\/div>\n\n\n\n<p class=\"has-text-align-center\"><strong>FELK\u00c9SZ\u00cdT\u0150 CSOPORT: FM AK\u00d3TS G\u00c1BOR<\/strong><\/p>\n\n\n\n<div class=\"wp-block-image\"><figure class=\"aligncenter size-full\"><img loading=\"lazy\" decoding=\"async\" width=\"381\" height=\"226\" src=\"https:\/\/chess.hu\/maroczy\/wp-content\/uploads\/2023\/09\/image-1.png\" alt=\"\" class=\"wp-image-1491\" srcset=\"https:\/\/chess.hu\/maroczy\/wp-content\/uploads\/2023\/09\/image-1.png 381w, https:\/\/chess.hu\/maroczy\/wp-content\/uploads\/2023\/09\/image-1-300x178.png 300w\" sizes=\"auto, (max-width: 381px) 100vw, 381px\" \/><\/figure><\/div>\n\n\n\n<p><\/p>\n\n\n\n<p class=\"has-text-align-center\"><strong>MESTER CSOPORT: IM SZAB\u00d3 BENCE<\/strong><\/p>\n\n\n\n<div class=\"wp-block-image\"><figure class=\"aligncenter size-full\"><img loading=\"lazy\" decoding=\"async\" width=\"405\" height=\"197\" src=\"https:\/\/chess.hu\/maroczy\/wp-content\/uploads\/2023\/09\/image-2.png\" alt=\"\" class=\"wp-image-1492\" srcset=\"https:\/\/chess.hu\/maroczy\/wp-content\/uploads\/2023\/09\/image-2.png 405w, https:\/\/chess.hu\/maroczy\/wp-content\/uploads\/2023\/09\/image-2-300x146.png 300w\" sizes=\"auto, (max-width: 405px) 100vw, 405px\" \/><\/figure><\/div>\n","protected":false},"excerpt":{"rendered":"<p>TEHETS\u00c9GKUTAT\u00d3 CSOPORT: IM MOLN\u00c1R B\u00c9LA FELK\u00c9SZ\u00cdT\u0150 CSOPORT: FM AK\u00d3TS G\u00c1BOR MESTER CSOPORT: IM SZAB\u00d3 BENCE<\/p>\n","protected":false},"author":3,"featured_media":0,"parent":0,"menu_order":0,"comment_status":"closed","ping_status":"closed","template":"","meta":{"footnotes":""},"class_list":["post-54","page","type-page","status-publish","hentry"],"_links":{"self":[{"href":"https:\/\/chess.hu\/maroczy\/wp-json\/wp\/v2\/pages\/54","targetHints":{"allow":["GET"]}}],"collection":[{"href":"https:\/\/chess.hu\/maroczy\/wp-json\/wp\/v2\/pages"}],"about":[{"href":"https:\/\/chess.hu\/maroczy\/wp-json\/wp\/v2\/types\/page"}],"author":[{"embeddable":true,"href":"https:\/\/chess.hu\/maroczy\/wp-json\/wp\/v2\/users\/3"}],"replies":[{"embeddable":true,"href":"https:\/\/chess.hu\/maroczy\/wp-json\/wp\/v2\/comments?post=54"}],"version-history":[{"count":22,"href":"https:\/\/chess.hu\/maroczy\/wp-json\/wp\/v2\/pages\/54\/revisions"}],"predecessor-version":[{"id":1493,"href":"https:\/\/chess.hu\/maroczy\/wp-json\/wp\/v2\/pages\/54\/revisions\/1493"}],"wp:attachment":[{"href":"https:\/\/chess.hu\/maroczy\/wp-json\/wp\/v2\/media?parent=54"}],"curies":[{"name":"wp","href":"https:\/\/api.w.org\/{rel}","templated":true}]}}