{"id":48,"date":"2020-12-12T18:11:14","date_gmt":"2020-12-12T18:11:14","guid":{"rendered":"http:\/\/chess.hu\/maroczy\/?page_id=48"},"modified":"2021-09-23T14:19:22","modified_gmt":"2021-09-23T14:19:22","slug":"online-nagymester-iskola","status":"publish","type":"page","link":"https:\/\/chess.hu\/maroczy\/online-nagymester-iskola\/","title":{"rendered":"Nagymester csoport"},"content":{"rendered":"\n<p><strong>Oktat\u00e1s<\/strong><\/p>\n\n\n\n<p>A kor\u00e1bbi \u00e9v online edz\u00e9s most bekapcsol\u00f3dik az MGUK havi rendszeres oktat\u00e1s rendszer\u00e9be.<\/p>\n\n\n\n<p><\/p>\n\n\n\n<p><\/p>\n","protected":false},"excerpt":{"rendered":"<p>Oktat\u00e1s A kor\u00e1bbi \u00e9v online edz\u00e9s most bekapcsol\u00f3dik az MGUK havi rendszeres oktat\u00e1s rendszer\u00e9be.<\/p>\n","protected":false},"author":3,"featured_media":0,"parent":0,"menu_order":0,"comment_status":"closed","ping_status":"closed","template":"","meta":{"footnotes":""},"class_list":["post-48","page","type-page","status-publish","hentry"],"_links":{"self":[{"href":"https:\/\/chess.hu\/maroczy\/wp-json\/wp\/v2\/pages\/48","targetHints":{"allow":["GET"]}}],"collection":[{"href":"https:\/\/chess.hu\/maroczy\/wp-json\/wp\/v2\/pages"}],"about":[{"href":"https:\/\/chess.hu\/maroczy\/wp-json\/wp\/v2\/types\/page"}],"author":[{"embeddable":true,"href":"https:\/\/chess.hu\/maroczy\/wp-json\/wp\/v2\/users\/3"}],"replies":[{"embeddable":true,"href":"https:\/\/chess.hu\/maroczy\/wp-json\/wp\/v2\/comments?post=48"}],"version-history":[{"count":7,"href":"https:\/\/chess.hu\/maroczy\/wp-json\/wp\/v2\/pages\/48\/revisions"}],"predecessor-version":[{"id":815,"href":"https:\/\/chess.hu\/maroczy\/wp-json\/wp\/v2\/pages\/48\/revisions\/815"}],"wp:attachment":[{"href":"https:\/\/chess.hu\/maroczy\/wp-json\/wp\/v2\/media?parent=48"}],"curies":[{"name":"wp","href":"https:\/\/api.w.org\/{rel}","templated":true}]}}