{"id":46,"date":"2020-12-12T17:57:02","date_gmt":"2020-12-12T17:57:02","guid":{"rendered":"http:\/\/chess.hu\/maroczy\/?page_id=46"},"modified":"2021-05-01T15:17:49","modified_gmt":"2021-05-01T15:17:49","slug":"edzok","status":"publish","type":"page","link":"https:\/\/chess.hu\/maroczy\/edzok\/","title":{"rendered":"Edz\u0151k"},"content":{"rendered":"\n<div class=\"wp-block-columns is-layout-flex wp-container-core-columns-is-layout-28f84493 wp-block-columns-is-layout-flex\">\n<div class=\"wp-block-column is-layout-flow wp-block-column-is-layout-flow\" style=\"flex-basis:100%\"><\/div>\n<\/div>\n\n\n\n<div class=\"wp-block-media-text alignwide is-stacked-on-mobile\" style=\"grid-template-columns:43% auto\"><figure class=\"wp-block-media-text__media\"><img loading=\"lazy\" decoding=\"async\" width=\"1024\" height=\"1024\" src=\"https:\/\/chess.hu\/maroczy\/wp-content\/uploads\/2021\/01\/viber_kep_2021-01-25_21-00-17-2-1024x1024.jpg\" alt=\"\" class=\"wp-image-573 size-full\" srcset=\"https:\/\/chess.hu\/maroczy\/wp-content\/uploads\/2021\/01\/viber_kep_2021-01-25_21-00-17-2-1024x1024.jpg 1024w, https:\/\/chess.hu\/maroczy\/wp-content\/uploads\/2021\/01\/viber_kep_2021-01-25_21-00-17-2-300x300.jpg 300w, https:\/\/chess.hu\/maroczy\/wp-content\/uploads\/2021\/01\/viber_kep_2021-01-25_21-00-17-2-150x150.jpg 150w, https:\/\/chess.hu\/maroczy\/wp-content\/uploads\/2021\/01\/viber_kep_2021-01-25_21-00-17-2-768x768.jpg 768w, https:\/\/chess.hu\/maroczy\/wp-content\/uploads\/2021\/01\/viber_kep_2021-01-25_21-00-17-2-50x50.jpg 50w, https:\/\/chess.hu\/maroczy\/wp-content\/uploads\/2021\/01\/viber_kep_2021-01-25_21-00-17-2.jpg 1280w\" sizes=\"auto, (max-width: 1024px) 100vw, 1024px\" \/><\/figure><div class=\"wp-block-media-text__content\">\n<p class=\"has-medium-font-size\">FM AK\u00d3TS G\u00e1bor  <\/p>\n\n\n\n<p>Ak\u00f3ts G\u00e1bornak h\u00edvnak, Fide-mester, sakkedz\u0151 (TF 2014 \u00e9s Fide-Instructor 2019). K\u00f6r\u00fclbel\u00fcl 20 \u00e9ve foglalkozom sakkoktat\u00e1ssal, ez id\u0151 alatt edz\u0151k\u00e9nt t\u00f6bbsz\u00f6r\u00f6s orsz\u00e1gos bajnoknak mondhatom magam.<br>A K\u00f6zponti Sakkiskol\u00e1ban 2014 \u00f3ta \u2013 kisebb megszak\u00edt\u00e1ssal \u2013 edz\u0151sk\u00f6d\u00f6m. A K\u00f6z\u00e9p-dun\u00e1nt\u00fali Region\u00e1lis Sakkiskol\u00e1nak pedig 2011 \u00e9s 2020 k\u00f6z\u00f6tt voltam igazgat\u00f3ja \u00e9s edz\u0151je. Emellett 2013 \u00e9s 2020 k\u00f6z\u00f6tt az \u00c1ld\u00e1s Utcai \u00c1ltal\u00e1nos Iskol\u00e1ban tan\u00edtottam a sakkot a gyerekeknek.<br>A csapatomnak, a G\u00e9niusz SE-nek ifj\u00fas\u00e1gi fel\u0151le vagyok. A 2017-es \u00e9s 2019-es ifj\u00fas\u00e1gi csapatbajnoks\u00e1got megnyert\u00fck, m\u00edg 2018-as a dobog\u00f3 3. fok\u00e1ra \u00e1llhattunk.<\/p>\n<\/div><\/div>\n\n\n\n<div class=\"wp-block-media-text alignwide has-media-on-the-right is-stacked-on-mobile\" style=\"grid-template-columns:auto 37%\"><figure class=\"wp-block-media-text__media\"><img loading=\"lazy\" decoding=\"async\" width=\"591\" height=\"722\" src=\"https:\/\/chess.hu\/maroczy\/wp-content\/uploads\/2021\/01\/Bence-Sz.jpg\" alt=\"\" class=\"wp-image-580 size-full\" srcset=\"https:\/\/chess.hu\/maroczy\/wp-content\/uploads\/2021\/01\/Bence-Sz.jpg 591w, https:\/\/chess.hu\/maroczy\/wp-content\/uploads\/2021\/01\/Bence-Sz-246x300.jpg 246w\" sizes=\"auto, (max-width: 591px) 100vw, 591px\" \/><\/figure><div class=\"wp-block-media-text__content\">\n<p class=\"has-medium-font-size\">IM Szab\u00f3 Bence<\/p>\n\n\n\n<p class=\"has-text-align-left\">Szab\u00f3 Bence vagyok, nemzetk\u00f6zi mester, sakkedz\u0151. Sokszoros ifj\u00fas\u00e1gi magyar bajnok, 1x ifj\u00fas\u00e1gi Blitz Eur\u00f3pa-bajnok. 8 \u00e9ve foglalkozom sakkoktat\u00e1ssal, ez id\u0151 alatt t\u00f6bb egy\u00e9ni tan\u00edtv\u00e1nyom is dobog\u00f3s helyet \u00e9rt el orsz\u00e1gos ifi bajnoks\u00e1gokon. Volt lehet\u0151s\u00e9gem 2 \u00e9vig egy\u00fctt dolgozni olimpiai \u00e9rmes nagymesterrel is, akivel sz\u00e9p nemzetk\u00f6zi eredm\u00e9nyeket tudtunk el\u00e9rni.<br>Fiatalabb koromban \u00e9n is a Mar\u00f3czy G\u00e9za K\u00f6zponti Sakkiskola tanul\u00f3ja voltam, ez\u00e9rt nagy \u00f6r\u00f6m sz\u00e1momra, hogy most \u00e9n adhatom tov\u00e1bb a megszerzett tud\u00e1som a felt\u00f6rekv\u0151 gener\u00e1ci\u00f3nak.<br>L\u00e1thattok m\u00e9g a HelloSakk twitch.tv oldal\u00e1n is, mint \u00e1lland\u00f3 m\u0171sorvezet\u0151 \u00e9s szakkomment\u00e1tor.<br><\/p>\n<\/div><\/div>\n\n\n<p><!-- \/wp:post-content --><\/p>","protected":false},"excerpt":{"rendered":"<p>FM AK\u00d3TS G\u00e1bor Ak\u00f3ts G\u00e1bornak h\u00edvnak, Fide-mester, sakkedz\u0151 (TF 2014 \u00e9s Fide-Instructor 2019). K\u00f6r\u00fclbel\u00fcl 20<\/p>\n","protected":false},"author":3,"featured_media":0,"parent":0,"menu_order":0,"comment_status":"closed","ping_status":"closed","template":"","meta":{"footnotes":""},"class_list":["post-46","page","type-page","status-publish","hentry"],"_links":{"self":[{"href":"https:\/\/chess.hu\/maroczy\/wp-json\/wp\/v2\/pages\/46","targetHints":{"allow":["GET"]}}],"collection":[{"href":"https:\/\/chess.hu\/maroczy\/wp-json\/wp\/v2\/pages"}],"about":[{"href":"https:\/\/chess.hu\/maroczy\/wp-json\/wp\/v2\/types\/page"}],"author":[{"embeddable":true,"href":"https:\/\/chess.hu\/maroczy\/wp-json\/wp\/v2\/users\/3"}],"replies":[{"embeddable":true,"href":"https:\/\/chess.hu\/maroczy\/wp-json\/wp\/v2\/comments?post=46"}],"version-history":[{"count":23,"href":"https:\/\/chess.hu\/maroczy\/wp-json\/wp\/v2\/pages\/46\/revisions"}],"predecessor-version":[{"id":683,"href":"https:\/\/chess.hu\/maroczy\/wp-json\/wp\/v2\/pages\/46\/revisions\/683"}],"wp:attachment":[{"href":"https:\/\/chess.hu\/maroczy\/wp-json\/wp\/v2\/media?parent=46"}],"curies":[{"name":"wp","href":"https:\/\/api.w.org\/{rel}","templated":true}]}}