{"id":33,"date":"2020-12-12T17:35:27","date_gmt":"2020-12-12T17:35:27","guid":{"rendered":"http:\/\/chess.hu\/maroczy\/?page_id=33"},"modified":"2021-02-07T15:06:37","modified_gmt":"2021-02-07T15:06:37","slug":"kozponti-iskola-info","status":"publish","type":"page","link":"https:\/\/chess.hu\/maroczy\/kozponti-iskola-info\/","title":{"rendered":"K\u00f6zponti Iskola Info"},"content":{"rendered":"\n<figure class=\"wp-block-image size-large\"><img loading=\"lazy\" decoding=\"async\" width=\"411\" height=\"400\" src=\"https:\/\/chess.hu\/maroczy\/wp-content\/uploads\/2020\/12\/Geza-Maroczy.png\" alt=\"\" class=\"wp-image-31\" srcset=\"https:\/\/chess.hu\/maroczy\/wp-content\/uploads\/2020\/12\/Geza-Maroczy.png 411w, https:\/\/chess.hu\/maroczy\/wp-content\/uploads\/2020\/12\/Geza-Maroczy-300x292.png 300w, https:\/\/chess.hu\/maroczy\/wp-content\/uploads\/2020\/12\/Geza-Maroczy-50x50.png 50w\" sizes=\"auto, (max-width: 411px) 100vw, 411px\" \/><\/figure>\n\n\n\n<p><strong>Tisztelt L\u00e1togat\u00f3nk!<\/strong><\/p>\n\n\n\n<p>\u00dcdv\u00f6zl\u00fcnk a Mar\u00f3czy G\u00e9za Ut\u00e1np\u00f3tl\u00e1s K\u00f6zpont hivatalos oldal\u00e1n!<\/p>\n\n\n\n<p><\/p>\n","protected":false},"excerpt":{"rendered":"<p>Tisztelt L\u00e1togat\u00f3nk! \u00dcdv\u00f6zl\u00fcnk a Mar\u00f3czy G\u00e9za Ut\u00e1np\u00f3tl\u00e1s K\u00f6zpont hivatalos oldal\u00e1n!<\/p>\n","protected":false},"author":3,"featured_media":0,"parent":0,"menu_order":0,"comment_status":"closed","ping_status":"closed","template":"","meta":{"footnotes":""},"class_list":["post-33","page","type-page","status-publish","hentry"],"_links":{"self":[{"href":"https:\/\/chess.hu\/maroczy\/wp-json\/wp\/v2\/pages\/33","targetHints":{"allow":["GET"]}}],"collection":[{"href":"https:\/\/chess.hu\/maroczy\/wp-json\/wp\/v2\/pages"}],"about":[{"href":"https:\/\/chess.hu\/maroczy\/wp-json\/wp\/v2\/types\/page"}],"author":[{"embeddable":true,"href":"https:\/\/chess.hu\/maroczy\/wp-json\/wp\/v2\/users\/3"}],"replies":[{"embeddable":true,"href":"https:\/\/chess.hu\/maroczy\/wp-json\/wp\/v2\/comments?post=33"}],"version-history":[{"count":3,"href":"https:\/\/chess.hu\/maroczy\/wp-json\/wp\/v2\/pages\/33\/revisions"}],"predecessor-version":[{"id":613,"href":"https:\/\/chess.hu\/maroczy\/wp-json\/wp\/v2\/pages\/33\/revisions\/613"}],"wp:attachment":[{"href":"https:\/\/chess.hu\/maroczy\/wp-json\/wp\/v2\/media?parent=33"}],"curies":[{"name":"wp","href":"https:\/\/api.w.org\/{rel}","templated":true}]}}