{"id":1336,"date":"2022-11-01T08:36:03","date_gmt":"2022-11-01T08:36:03","guid":{"rendered":"https:\/\/chess.hu\/maroczy\/?page_id=1336"},"modified":"2022-11-04T17:52:35","modified_gmt":"2022-11-04T17:52:35","slug":"toborzo-level","status":"publish","type":"page","link":"https:\/\/chess.hu\/maroczy\/toborzo-level\/","title":{"rendered":"Jelentkez\u00e9s"},"content":{"rendered":"\n<p>Tisztelt Sz\u00fcl\u0151k!<\/p>\n\n\n\n<p>Kedves Fiatalok!<\/p>\n\n\n\n<p>Nagy \u00f6r\u00f6mmel \u00e9rtes\u00edtem \u00d6n\u00f6ket, hogy a Sakksz\u00f6vets\u00e9g a Mar\u00f3czy G\u00e9za K\u00f6zponti Sakkiskola sz\u00e1rnyai alatt, online oktat\u00e1s form\u00e1j\u00e1ban, heti rendszeress\u00e9ggel tehets\u00e9ggondoz\u00f3 csoportokat ind\u00edt k\u00e9t kateg\u00f3ri\u00e1ban. V\u00e1rjuk a jelentkez\u00e9s\u00e9t azoknak a fiataloknak, akik tizenk\u00e9t \u00e9v alatt vannak \u00e9s el\u00e9rt\u00e9k az 1650-es \u00e9l\u0151pontot, vagy tizenegy \u00e9ven aluli \u00e9s 1350 \u00e9l\u0151pont felett van. Az edz\u00e9seket szombatonk\u00e9nt tartjuk a Zoom fel\u00fclet\u00e9n, alkalmank\u00e9nt k\u00e9t \u00f3ra. A tervezett csoportl\u00e9tsz\u00e1m 8-10 f\u0151. Ha a jelentkez\u0151k sz\u00e1ma meghaladja a 10 f\u0151t, akkor k\u00e9t r\u00e9szre osztjuk a csoportot.<\/p>\n\n\n\n<p>Edz\u0151k: Fodor Tam\u00e1s nagymester, Galyas Mikl\u00f3s nemzetk\u00f6zi mester, Szab\u00f3 Bence nemzetk\u00f6zi mester.<\/p>\n\n\n\n<p>T\u00e9mak\u00f6r\u00f6k: k\u00f6z\u00e9pj\u00e1t\u00e9k \u00e9s v\u00e9gj\u00e1t\u00e9k. Az edz\u00e9s interakt\u00edv lesz \u00e9s lesznek h\u00e1zi feladatok is.<\/p>\n\n\n\n<p>A r\u00e9szv\u00e9tel ingyenes.<\/p>\n\n\n\n<p>Jelentkezni lehet Horv\u00e1th Csaba szervez\u00e9si igazgat\u00f3n\u00e1l a\u00a0<a href=\"mailto:mguk.sakkiskola@gmail.com\">mguk.sakkiskola@gmail.com<\/a> \u00a0email c\u00edmen.<\/p>\n\n\n\n<p>\u00dcdv\u00f6zlettel:<\/p>\n\n\n\n<p><em>Gonda L\u00e1szl\u00f3<\/em><\/p>\n\n\n\n<p>Nagymester, FIDE Senior Trainer,<\/p>\n\n\n\n<p>Ifj\u00fas\u00e1gi Sz\u00f6vets\u00e9gi Kapit\u00e1ny<\/p>\n\n\n\n<p>+3670 426 14 17<\/p>\n","protected":false},"excerpt":{"rendered":"<p>Tisztelt Sz\u00fcl\u0151k! Kedves Fiatalok! Nagy \u00f6r\u00f6mmel \u00e9rtes\u00edtem \u00d6n\u00f6ket, hogy a Sakksz\u00f6vets\u00e9g a Mar\u00f3czy G\u00e9za K\u00f6zponti<\/p>\n","protected":false},"author":6,"featured_media":0,"parent":0,"menu_order":0,"comment_status":"closed","ping_status":"closed","template":"","meta":{"footnotes":""},"class_list":["post-1336","page","type-page","status-publish","hentry"],"_links":{"self":[{"href":"https:\/\/chess.hu\/maroczy\/wp-json\/wp\/v2\/pages\/1336","targetHints":{"allow":["GET"]}}],"collection":[{"href":"https:\/\/chess.hu\/maroczy\/wp-json\/wp\/v2\/pages"}],"about":[{"href":"https:\/\/chess.hu\/maroczy\/wp-json\/wp\/v2\/types\/page"}],"author":[{"embeddable":true,"href":"https:\/\/chess.hu\/maroczy\/wp-json\/wp\/v2\/users\/6"}],"replies":[{"embeddable":true,"href":"https:\/\/chess.hu\/maroczy\/wp-json\/wp\/v2\/comments?post=1336"}],"version-history":[{"count":3,"href":"https:\/\/chess.hu\/maroczy\/wp-json\/wp\/v2\/pages\/1336\/revisions"}],"predecessor-version":[{"id":1348,"href":"https:\/\/chess.hu\/maroczy\/wp-json\/wp\/v2\/pages\/1336\/revisions\/1348"}],"wp:attachment":[{"href":"https:\/\/chess.hu\/maroczy\/wp-json\/wp\/v2\/media?parent=1336"}],"curies":[{"name":"wp","href":"https:\/\/api.w.org\/{rel}","templated":true}]}}