{"id":1331,"date":"2022-11-01T08:32:31","date_gmt":"2022-11-01T08:32:31","guid":{"rendered":"https:\/\/chess.hu\/maroczy\/?page_id=1331"},"modified":"2022-11-02T16:51:45","modified_gmt":"2022-11-02T16:51:45","slug":"online-sakkiskola","status":"publish","type":"page","link":"https:\/\/chess.hu\/maroczy\/online-sakkiskola\/","title":{"rendered":"Online Sakkiskola"},"content":{"rendered":"\n<p><strong>U12 1650+<\/strong><\/p>\n\n\n\n<figure class=\"wp-block-table is-style-stripes\"><table><tbody><tr><td>Hangay Oliv\u00e9r<\/td><\/tr><tr><td>Leh\u0151cz J\u00f3zsef<\/td><\/tr><tr><td>Bod M\u00e1rton<\/td><\/tr><tr><td>Minga-Nagy \u00c1bel<\/td><\/tr><tr><td>\u00d3nodi Mikl\u00f3s<\/td><\/tr><tr><td>Kar\u00e1csonyi B\u00e1nk<\/td><\/tr><tr><td>Feh\u00e9r Botond<\/td><\/tr><\/tbody><\/table><\/figure>\n\n\n\n<p><strong>U11 1350+<\/strong><\/p>\n\n\n\n<figure class=\"wp-block-table is-style-stripes\"><table><tbody><tr><td>Balogh Gerda&nbsp;<\/td><\/tr><tr><td>Szalai Anita<\/td><\/tr><tr><td>Ferenczy N\u00f3ra<\/td><\/tr><tr><td>Heged\u0171s Bern\u00e1t&nbsp;<\/td><\/tr><tr><td>M\u00e9sz\u00e1ros-Csonka D\u00e1vid<\/td><\/tr><tr><td>P\u00e1pai M\u00e1t\u00e9<\/td><\/tr><tr><td>Ilk\u00f3-T\u00f3th Andr\u00e1s<\/td><\/tr><tr><td>Kiss Inez<\/td><\/tr><\/tbody><\/table><\/figure>\n\n\n\n<p><strong><u>U<\/u>11 1350+<\/strong><\/p>\n\n\n\n<figure class=\"wp-block-table is-style-stripes\"><table><tbody><tr><td>Fan Xiaotong<\/td><\/tr><tr><td>Heged\u0171s Zsombor<\/td><\/tr><tr><td>Farkas S\u00e1ra<\/td><\/tr><tr><td>K\u00e1rm\u00e1n Gergely<\/td><\/tr><tr><td>Tagai M\u00e1rton<\/td><\/tr><tr><td>Ill\u00e9s-Nagy N\u00f3ra<\/td><\/tr><tr><td>Vad Roland<\/td><\/tr><\/tbody><\/table><\/figure>\n\n\n\n<p><strong>Edz\u0151k: Fodor Tam\u00e1s, Galyas Mikl\u00f3s, Szab\u00f3 Bence<\/strong><\/p>\n\n\n\n<p><\/p>\n\n\n\n<p><\/p>\n\n\n\n<p><\/p>\n\n\n\n<p><\/p>\n","protected":false},"excerpt":{"rendered":"<p>U12 1650+ Hangay Oliv\u00e9r Leh\u0151cz J\u00f3zsef Bod M\u00e1rton Minga-Nagy \u00c1bel \u00d3nodi Mikl\u00f3s Kar\u00e1csonyi B\u00e1nk Feh\u00e9r<\/p>\n","protected":false},"author":6,"featured_media":0,"parent":0,"menu_order":0,"comment_status":"closed","ping_status":"closed","template":"","meta":{"footnotes":""},"class_list":["post-1331","page","type-page","status-publish","hentry"],"_links":{"self":[{"href":"https:\/\/chess.hu\/maroczy\/wp-json\/wp\/v2\/pages\/1331","targetHints":{"allow":["GET"]}}],"collection":[{"href":"https:\/\/chess.hu\/maroczy\/wp-json\/wp\/v2\/pages"}],"about":[{"href":"https:\/\/chess.hu\/maroczy\/wp-json\/wp\/v2\/types\/page"}],"author":[{"embeddable":true,"href":"https:\/\/chess.hu\/maroczy\/wp-json\/wp\/v2\/users\/6"}],"replies":[{"embeddable":true,"href":"https:\/\/chess.hu\/maroczy\/wp-json\/wp\/v2\/comments?post=1331"}],"version-history":[{"count":4,"href":"https:\/\/chess.hu\/maroczy\/wp-json\/wp\/v2\/pages\/1331\/revisions"}],"predecessor-version":[{"id":1346,"href":"https:\/\/chess.hu\/maroczy\/wp-json\/wp\/v2\/pages\/1331\/revisions\/1346"}],"wp:attachment":[{"href":"https:\/\/chess.hu\/maroczy\/wp-json\/wp\/v2\/media?parent=1331"}],"curies":[{"name":"wp","href":"https:\/\/api.w.org\/{rel}","templated":true}]}}