{"id":1042,"date":"2022-02-05T21:32:55","date_gmt":"2022-02-05T21:32:55","guid":{"rendered":"https:\/\/chess.hu\/maroczy\/?page_id=1042"},"modified":"2022-02-05T21:32:55","modified_gmt":"2022-02-05T21:32:55","slug":"interju-kiss-inez","status":"publish","type":"page","link":"https:\/\/chess.hu\/maroczy\/interju-kiss-inez\/","title":{"rendered":"Interj\u00fa: Kiss Inez"},"content":{"rendered":"\n<p>Forr\u00e1s:\u00a0<a rel=\"noreferrer noopener\" href=\"https:\/\/www.sakkmezo.hu\/\" target=\"_blank\">https:\/\/www.sakkmezo.hu\/<\/a> <\/p>\n\n\n\n<p><strong>Kiss Inez sz\u00e1m\u00e1ra a sakk t\u00f6bb mint hobbi \u2013 Besz\u00e9lget\u00e9s a fiatal tehets\u00e9ggel \u00e9s \u00e9desapj\u00e1val<\/strong><\/p>\n\n\n\n<p>A versenysport m\u00e1r a p\u00e1lyakezd\u00e9skor sok \u00e1ldozattal \u00e9s lemond\u00e1ssal j\u00e1r. \u00c9rdekes k\u00e9rd\u00e9s, hogy ezeket az er\u0151fesz\u00edt\u00e9seket mik\u00e9nt \u00e9lik meg az \u00e9rintettek egy fiatal \u00e9s tehets\u00e9ges versenyz\u0151 eset\u00e9ben.<\/p>\n\n\n\n<figure class=\"wp-block-image size-full is-resized\"><img loading=\"lazy\" decoding=\"async\" src=\"https:\/\/chess.hu\/maroczy\/wp-content\/uploads\/2022\/02\/Inez-00.jpg\" alt=\"\" class=\"wp-image-1044\" width=\"747\" height=\"498\" srcset=\"https:\/\/chess.hu\/maroczy\/wp-content\/uploads\/2022\/02\/Inez-00.jpg 850w, https:\/\/chess.hu\/maroczy\/wp-content\/uploads\/2022\/02\/Inez-00-300x200.jpg 300w, https:\/\/chess.hu\/maroczy\/wp-content\/uploads\/2022\/02\/Inez-00-768x512.jpg 768w\" sizes=\"auto, (max-width: 747px) 100vw, 747px\" \/><\/figure>\n\n\n\n<p>A Kiss csal\u00e1dban 5 gyermek van, Dominik 2 \u00e9ves, \u00c1ron 5, Vill\u0151 6, R\u00faben 8, m\u00edg a legnagyobb, Inez, 10 \u00e9ves. Sz\u00fclei nem a sakkoz\u00f3k vil\u00e1g\u00e1t \u00e9lik, \u00e9desanyja&nbsp; heged\u0171m\u0171v\u00e9sz, \u00e9desapja pedig villamosm\u00e9rn\u00f6k.&nbsp;<a href=\"https:\/\/ratings.fide.com\/profile\/17004306\" target=\"_blank\" rel=\"noreferrer noopener\">Inez<\/a>&nbsp;fejl\u0151d\u00e9se a sakkban nagyon figyelemrem\u00e9lt\u00f3, ez adta az interj\u00fank aprop\u00f3j\u00e1t. M\u00edg az \u00e9desanya a csal\u00e1d t\u00f6bbi csemet\u00e9j\u00e9re vigy\u00e1zott, addig az \u00e9desap\u00e1val \u00e9s Inezzel besz\u00e9lgett\u00fcnk a sakkr\u00f3l.<\/p>\n\n\n\n<p><em><strong>Kezdj\u00fck a besz\u00e9lget\u00e9st azzal, hogy n\u00e1latok mindenki tud sakkozni?<\/strong><\/em><\/p>\n\n\n\n<p><strong>Gergely (tov\u00e1bbiakban: G.)<\/strong>: Nek\u00fcnk, sz\u00fcl\u0151knek &nbsp;nincsen komolyabb kapcsolatunk a sakkal. \u00c9desap\u00e1m versenybridzselt, \u00e9s szeretett sakkozni is. Volt egy-k\u00e9t sakkos k\u00f6nyv\u00fcnk, \u00e9s engem is megtan\u00edtott a l\u00e9p\u00e9sekre, m\u00e9g p\u00e1r megnyit\u00e1st is eml\u00edtett, de csak a neveik maradtak meg bennem. Inezen k\u00edv\u00fcl R\u00faben \u00e9s Vill\u0151 is sakkoznak, m\u00e1r t\u00f6bb gyermekversenyen is r\u00e9szt vettek. \u00c1ron pedig most kezdi tanulni az alapokat. A nagyokra val\u00f3 feln\u00e9z\u00e9s jelen van a kisebb tes\u00f3k k\u00f6z\u00f6tt, \u00e9s szeretn\u00e9k azt csin\u00e1lni, amit a nagyokt\u00f3l l\u00e1tnak. T\u00f6bbsz\u00f6r el\u0151fordult, hogy Inezt, a feles\u00e9gemet, vagy \u00e9ppen engem k\u00e9rtek, hogy menj\u00fcnk vel\u00fck sakkozni.<\/p>\n\n\n\n<p><em><strong>\u00c9s Inez, hogyan kezdte ezt a sportot?<\/strong><\/em><\/p>\n\n\n\n<p><strong>G.<\/strong>: Amikor m\u00e1r el\u00e9g nagy volt ahhoz, hogy jobban tudott figyelni, elkezdt\u00fcnk keresni neki valami logikai j\u00e1t\u00e9kot. \u00cdgy jutottunk el a sakkhoz. Otthon a feles\u00e9gemmel n\u00e9ha-n\u00e9ha le\u00fclt\u00fcnk egy-egy partit j\u00e1tszani, de Inezt a j\u00e1t\u00e9kon \u00e9s a szab\u00e1lyos l\u00e9p\u00e9seken t\u00fal m\u00e9lyebben \u00e9rdekelte. Az els\u0151 edz\u0151je Benyeda Tibor volt, aki most az ART3F csapatvezet\u0151je. Tibor egy \u00e9vig tan\u00edtotta Ineznek az alapokat, majd egy r\u00f6vid kihagy\u00e1s ut\u00e1n \u00f3vodai edz\u00e9s keret\u00e9ben megismerkedt\u00fcnk Szab\u00f3 Bal\u00e1zs FIDE mesterrel, aki \u00fajabb egy \u00e9vig foglalkozott vele. Az \u0151 r\u00e9v\u00e9n ker\u00fclt Inez az MTK egyes\u00fclet\u00e9hez, \u00e9s a VB-re val\u00f3 felk\u00e9sz\u00edt\u00e9st is \u0151 v\u00e9gezte. Ezut\u00e1n Bal\u00e1zs tov\u00e1bbadta Inezt Szabolcsi J\u00e1nosnak&nbsp;<em>(vele k\u00e9sz\u00fclt interj\u00fank&nbsp;<a href=\"https:\/\/www.sakkmezo.hu\/2021\/01\/20\/amiben-tudtam-mindig-segitettem-interju-szabolcsi-janossal\/\" target=\"_blank\" rel=\"noreferrer noopener\">itt<\/a>&nbsp;el\u00e9rhet\u0151 \u2013 Sakkmez\u0151)<\/em>. Jelenleg Szabolcsi mester mellett Mih\u00f3k L\u00e1szl\u00f3&nbsp;<em>(vele k\u00e9sz\u00fclt interj\u00fank&nbsp;<a href=\"https:\/\/www.sakkmezo.hu\/2021\/05\/24\/a-profi-sakkozast-nem-mernem-mindenkinek-ajanlani-interju-mihok-laszlo-edzovel-es-szakiroval\/\" target=\"_blank\" rel=\"noreferrer noopener\">itt<\/a>&nbsp;el\u00e9rhet\u0151 \u2013 Sakkmez\u0151)<\/em>&nbsp;\u00e9s Izs\u00e1k Gyula foglalkoznak edz\u0151k\u00e9nt Inezzel.<\/p>\n\n\n\n<p><strong><em>A hazai mez\u0151nyben sokat &nbsp;versenyeztek, hogyan tudj\u00e1tok ezt az iskol\u00e1val \u00f6sszeegyeztetni?<\/em><\/strong><\/p>\n\n\n\n<p><strong>G.<\/strong>: Egyre szaporodnak az iskolai kik\u00e9r\u0151k a t\u00e1borok \u00e9s versenyek kapcs\u00e1n. Az iskolai akad\u00e1lyokat m\u00e9g a hi\u00e1nyz\u00e1sok mellett is viszonylag k\u00f6nnyen veszi Inez, ez\u00e9rt k\u00e1r lenne megvonni az iskolai k\u00f6z\u00f6ss\u00e9g lehet\u0151s\u00e9g\u00e9t. Ebben a korban kiemelten sz\u00e1m\u00edt egy j\u00f3 t\u00e1rsas\u00e1g, egy j\u00f3 oszt\u00e1lyk\u00f6z\u00f6ss\u00e9g. Most rem\u00e9lj\u00fck, be fog ker\u00fclni egy er\u0151sebb gimn\u00e1ziumba, \u00e9s ha majd azt l\u00e1tjuk, hogy a tov\u00e1bbi fejl\u0151d\u00e9shez m\u00e9g t\u00f6bb iskolai t\u00e1voll\u00e9t sz\u00fcks\u00e9ges, akkor foglalkozunk majd azzal, hogy megtal\u00e1ljuk a megold\u00e1st.<\/p>\n\n\n\n<p><em><strong>\u00c9rdiek vagytok, m\u00e9gis a Budapesten m\u0171k\u00f6d\u0151 MTK egyes\u00fclet\u00e9hez tartoztok. Mi a v\u00e9lem\u00e9nyetek az egyes\u00fcletr\u0151l?<\/strong><\/em><\/p>\n\n\n\n<p><strong>G.<\/strong>. Nekem nincs \u00f6sszehasonl\u00edt\u00e1si alapom m\u00e1s egyes\u00fcletekkel, az viszont biztos, hogy nagyon sokan jelentkeznek az MTK-ba. H\u00edres egyes\u00fclet, \u00e9s nagyon j\u00f3 edz\u0151k dolgoznak ott. Kiemeln\u00e9m a nemr\u00e9g elhunyt&nbsp;<a href=\"https:\/\/hu.wikipedia.org\/wiki\/K%C3%A1llai_G%C3%A1bor_(sakkoz%C3%B3)\" target=\"_blank\" rel=\"noreferrer noopener\">K\u00e1llai G\u00e1bort<\/a>&nbsp;<em>(vele k\u00e9sz\u00fclt interj\u00fank&nbsp;<a href=\"https:\/\/www.sakkmezo.hu\/2020\/04\/14\/a-sakktablan-sosincs-kijarasi-tilalom-interju-kallai-gaborral\/\" target=\"_blank\" rel=\"noreferrer noopener\">itt<\/a>&nbsp;el\u00e9rhet\u0151 \u2013 Sakkmez\u0151)<\/em>, aki hihetetlen\u00fcl nagy energi\u00e1val \u00e9s hozz\u00e1\u00e9rt\u00e9ssel vezette az k\u00f6z\u00f6s edz\u00e9seket. Nagyon j\u00f3 kapcsolatot tudott kialak\u00edtani a gyerekekkel. Mindenk\u00e9ppen nagy f\u00e1jdalom az, hogy \u0151 elt\u00e1vozott, hi\u00e1nyzik mindenkinek. Nem tudjuk, hogy ki lesz a k\u00f6vetkez\u0151 edz\u0151, de b\u00edzok abban, hogy a lend\u00fcletet \u00e9s a sakkszeretetet ugyan\u00fagy \u00e1t fogja adni a fiataloknak.<\/p>\n\n\n\n<p><strong><em>I<\/em><\/strong><strong>nez, most hozz\u00e1d fordulok. Mit szeretsz szabadid\u0151dben csin\u00e1lni?<\/strong><\/p>\n\n\n\n<p><strong>Kiss Inez (tov\u00e1bbiakban: I)<\/strong>: Sportolni, mozogni \u00e9s t\u00e1rsasj\u00e1t\u00e9kozni. Szoktunk j\u00e1tszani Catant, Mars terraform\u00e1l\u00e1s\u00e1t, Carcassonnet \u00e9s Concept-et. (<em>ez mind strat\u00e9gia t\u00e1rsasj\u00e1t\u00e9k \u2013 Sakkmez\u0151<\/em>)<\/p>\n\n\n\n<p><em><strong>Mit gondolsz, kell a sakkhoz szerencse?<\/strong><\/em><\/p>\n\n\n\n<p><strong>I.<\/strong>: A sakk annyira nem szerencsej\u00e1t\u00e9k, de fontos, hogy a verseny napj\u00e1n ne legyek f\u00e1radt, \u00e9s az is, hogy milyen ellenf\u00e9llel ker\u00fcl\u00f6k \u00f6ssze.<\/p>\n\n\n\n<p><em><strong>Sokat versenyzel, vannak terveid a sakkban?<\/strong><\/em><\/p>\n\n\n\n<p><strong>I.<\/strong>: &nbsp;A koroszt\u00e1lyos versenyeken szeretn\u00e9k j\u00f3l teljes\u00edteni, \u00e9s kijutni nemzetk\u00f6zi versenyekre is. A legt\u00f6bb &nbsp;h\u00e9tv\u00e9g\u00e9n van versenyem. Szeretek versenyen j\u00e1tszani, \u00e9s ut\u00e1na megn\u00e9zni a partit, hogy legk\u00f6zelebb jobban menjen a j\u00e1t\u00e9k. M\u00e9g ny\u00e1ron azt terveztem, hogy \u00e9v v\u00e9g\u00e9re 1350 \u00c9l\u0151m lesz, de m\u00e1r 100 ponttal t\u00f6bb van. Szeretn\u00e9k k\u00fclf\u00f6ld\u00f6n is j\u00f3 helyez\u00e9st el\u00e9rni. K\u00e9s\u0151bb beker\u00fclni majd a magyar v\u00e1logatottba, \u00e9s kijutni az olimpi\u00e1ra. Feln\u0151tt koromban majd szeretn\u00e9k sakkedz\u00e9seket tartani.<\/p>\n\n\n\n<p><em><strong>Mi van akkor, ha \u00e9ppen nem megy j\u00f3l a j\u00e1t\u00e9k, olyankor any\u00e1\u00e9k hogyan reag\u00e1lnak?<\/strong><\/em><\/p>\n\n\n\n<p><strong>I.<\/strong>: Att\u00f3l f\u00fcgg, hogy hogyan rontottam el. Meg szoktuk besz\u00e9lni, mi volt a hiba. Van, hogy csak elmegy\u00fcnk mozogni, vagy esz\u00fcnk, \u00e9s k\u00e9sz\u00fcl\u00fcnk a k\u00f6vetkez\u0151 partira.<\/p>\n\n\n\n<p><em><strong>Gergely, ti sz\u00fcl\u0151k\u00e9nt hogyan \u00e9litek meg ezeket k\u00edv\u00fclr\u0151l?<\/strong><\/em><\/p>\n\n\n\n<p><strong>G.<\/strong>: Latolgatni szoktuk az es\u00e9lyeket parti el\u0151tt. \u00c9n nem nagyon \u00e9rtek hozz\u00e1, \u00e9s van \u00fagy, hogy egy olyan pillanatban megyek be, \u00e9s n\u00e9zek r\u00e1 az \u00e1ll\u00e1sra, hogy azt sem tudom ki l\u00e9p \u00e9ppen, \u00e9s es\u00e9lytelennek l\u00e1tom a partit, azt\u00e1n kij\u00f6n a l\u00e1nyom \u00e9s mondja, hogy megnyerte. De ugyanez megt\u00f6rt\u00e9nik ford\u00edtva is. Sz\u00f3val ez egy nagy \u00e9rzelmi hull\u00e1mvas\u00fat tud lenni. Ezt tudni kell &nbsp;kontroll\u00e1lni minden sz\u00fcl\u0151nek. Neh\u00e9z dolog, amikor tudom, hogy k\u00e9pes megnyerni egy partit, \u00e9s m\u00e9gsem j\u00f6n \u00f6ssze v\u00e9g\u00fcl. Elf\u00e1radt, vagy elrontott valamit, esetleg egy r\u00e9gi hiba j\u00f6tt el\u0151. Ezt meg szoktuk besz\u00e9lni ut\u00e1na, de \u00e9szn\u00e9l kell lenni, hogy milyen hangs\u00falyt v\u00e1lasztunk ehhez.<\/p>\n\n\n\n<p><em><strong>Mit ad a sakk Ineznek?<\/strong><\/em><\/p>\n\n\n\n<p><strong>G.<\/strong>: Az biztos, hogy ugyanazt a lef\u00e1rad\u00e1st megadja, mint egy fizikai sport. Inez egy neh\u00e9z edz\u00e9s vagy parti ut\u00e1n nagyon meg\u00e9hezik, \u00e9s ig\u00e9nyli a mozg\u00e1st levezet\u00e9snek. Ment\u00e1lisan rengeteg pozit\u00edvumot ad a sakk. A logikus, analitikus gondolkod\u00e1sm\u00f3d, tervez\u00e9s velej\u00e1r\u00f3ja ennek a sportnak. K\u00e9sz\u00fclt\u00fcnk most a 8 oszt\u00e1lyos gimn\u00e1ziumi felv\u00e9telire, \u00e9s mindig sz\u00f3ba j\u00f6tt a sakk matekoz\u00e1s k\u00f6zben is, de ford\u00edtva is volt olyan, hogy sakk k\u00f6zben a matekoz\u00e1s ker\u00fclt sz\u00f3ba. \u00dagy l\u00e1tom, hogy szoros \u00f6sszef\u00fcgg\u00e9s van ek\u00f6z\u00f6tt a k\u00e9t ter\u00fclet k\u00f6z\u00f6tt.<\/p>\n\n\n\n<p><em><strong>Hogyan tudtok motiv\u00e1lni?<\/strong><\/em><\/p>\n\n\n\n<p><strong>G.<\/strong>: Ez v\u00e1ltoz\u00f3 dolog, att\u00f3l f\u00fcgg\u0151en, hogy mennyire van \u00e9pp erre sz\u00fcks\u00e9g. R\u00e9gen az\u00e9rt kem\u00e9nyebb feladat ez volt nek\u00fcnk. Az elej\u00e9n m\u00e9g egy\u00fctt \u00fclt\u00fcnk le, egy\u00fctt n\u00e9zt\u00fck a k\u00f6nyveket, egy\u00fctt analiz\u00e1ltuk a mesterpartikat, \u00e9s tanultuk a megnyit\u00e1sokat. Most m\u00e1r egyed\u00fcl csin\u00e1lja ezeket Inez, a saj\u00e1t akarat\u00e1b\u00f3l. \u00dagyhogy a saj\u00e1t motiv\u00e1ci\u00f3ja viszi el\u0151re. Ha mi azt l\u00e1tjuk, hogy valamelyik r\u00e9szt elhanyagolja, vagy mag\u00e1t\u00f3l nem jut esz\u00e9be, akkor r\u00e1terelj\u00fck arra a figyelm\u00e9t.<\/p>\n\n\n\n<p><strong><em>Inez, milyen tanul\u00f3 vagy? Hogyan n\u00e9znek r\u00e1d a t\u00f6bbiek az iskol\u00e1ban?<\/em><\/strong><\/p>\n\n\n\n<p><strong>I.<\/strong>: Kit\u0171n\u0151 tanul\u00f3 vagyok. Edz\u0151t\u00e1bor ut\u00e1n meg szokt\u00e1k k\u00e9rdezni, milyen volt a t\u00e1bor. Az iskol\u00e1ban is tudunk sakkozni, mert az oszt\u00e1lyf\u0151n\u00f6k\u00f6m hozott p\u00e1r sakk k\u00e9szletet. Le szoktunk \u00fclni j\u00e1tszani \u00e9s ut\u00e1na megbesz\u00e9lj\u00fck a partit, de van, akit ez nem \u00e9rdekel.<\/p>\n\n\n\n<p><strong><em>\u00c9s milyen a Mar\u00f3czyba j\u00e1rni?<\/em><\/strong><\/p>\n\n\n\n<p><strong>I.<\/strong>: \u00d6r\u00fcl\u00f6k, hogy megh\u00edvtak, sokat tanulunk. Az edz\u00e9seken k\u00edv\u00fcl is sakkozunk, meg sportolunk, pingpongozunk \u00e9s kir\u00e1ndulunk is.<\/p>\n\n\n\n<p><strong>G.<\/strong>: Sokat seg\u00edt a&nbsp;<a href=\"https:\/\/chess.hu\/maroczy\/\" target=\"_blank\" rel=\"noreferrer noopener\">Mar\u00f3czy G\u00e9za Ut\u00e1np\u00f3tl\u00e1s K\u00f6zpont<\/a>, ahol Inezzel&nbsp;<a href=\"https:\/\/ratings.fide.com\/profile\/733776\" target=\"_blank\" rel=\"noreferrer noopener\">Szab\u00f3 Bence<\/a>&nbsp;nemzetk\u00f6zi mester foglalkozik. Sakkbar\u00e1ts\u00e1gok sz\u00fcletnek ott \u00e9s rengeteg motiv\u00e1ci\u00f3t ad a gyerekeknek. A legut\u00f3bbi t\u00e1borban est\u00e9nk\u00e9nt Inez szinte v\u00e9gig a nagyobb fi\u00fakkal sakkozott, \u00e9s \u00fagy j\u00f6tt haza, hogy milyen j\u00f3 volt vel\u00fck j\u00e1tszani. Ilyenkor teljesen m\u00e1s a viselked\u00e9se, annyira lelkes. A bar\u00e1ts\u00e1g, a sakkszeretet, a t\u00e1rsas kapcsolatok, a k\u00f6z\u00f6ss\u00e9g \u00e9s a j\u00f3 hangulat mind nagyon kellenek.<\/p>\n\n\n\n<p><em><strong>A h\u00e9tk\u00f6znapokban mennyi edz\u00e9se van Ineznek?<\/strong><\/em><\/p>\n\n\n\n<p><strong>G.<\/strong>: A t\u00e1borban napi 7-8 \u00f3r\u00e1ban sakkoznak, itthon minden nap van edz\u00e9s p\u00e9ntek kiv\u00e9tel\u00e9vel, az\u00e9rt is mert \u00e1ltal\u00e1ban akkor kezd\u0151dnek a versenyek. Vannak 1, 2 \u00e9s 2.5 \u00f3r\u00e1s edz\u00e9sei is.<\/p>\n\n\n\n<p><em><strong>Sz\u00fcl\u0151k\u00e9nt van seg\u00edts\u00e9getek a d\u00f6nt\u00e9sek meghozatal\u00e1ban?<\/strong><\/em><\/p>\n\n\n\n<p><strong>G.<\/strong>: Ahogy telik az id\u0151, \u00fagy tanulunk bele mi is ebbe az eg\u00e9szbe. Az edz\u0151k folyamatosan seg\u00edtenek a tov\u00e1bbhalad\u00e1ssal, versenyekkel kapcsolatban.<\/p>\n\n\n\n<p><em><strong>Milyen neh\u00e9zs\u00e9gekkel k\u00fczd\u00f6t\u00f6k?<\/strong><\/em><\/p>\n\n\n\n<p><strong>G.<\/strong>: Nem panaszkodom. Kapunk sz\u00f6vets\u00e9gi \u00e9s egyes\u00fcleti t\u00e1mogat\u00e1st is, ami\u00e9rt k\u00f6sz\u00f6nettel tartozunk, de ennek t\u00f6bbsz\u00f6r\u00f6s\u00e9t kell a sakkoz\u00e1sra ford\u00edtani, \u00edgy kezd felmer\u00fclni a szponzor keres\u00e9s k\u00e9rd\u00e9se is. Nem sz\u00e1molom mennyit k\u00f6lt\u00f6tt\u00fcnk sakkra id\u00e1ig, hiszen ha \u00f6sszes\u00edten\u00e9m, akkor az olyan lenne, mintha a gyerek fej\u00e9hez v\u00e1gn\u00e1m, mik\u00f6zben a c\u00e9l mindig is az volt, hogy abban vegyen r\u00e9szt \u00e9s fejl\u0151dj\u00f6n, amit szeret \u00e9s amiben tehets\u00e9ges. Hogy ehhez \u00e9ppen a sakkba kellett fektetni, az az\u00e9rt van, mert ez a hobbija. Am\u00edg Inez sz\u00e1m\u00e1ra a sakk f\u0151tev\u00e9kenys\u00e9g, \u00e9s ilyen sz\u00e9p eredm\u00e9nyeket \u00e9r el, addig mindent megtesz\u00fcnk, hogy folytathassa. Inez befektetett munk\u00e1ja \u00e9s hozz\u00e1\u00e1ll\u00e1sa a sakkot t\u00f6bb mint hobbi szintre emeli sz\u00e1m\u00e1ra \u00e9s sz\u00e1munkra is. \u0150 ehhez ragaszkodik, \u00e9s egyre komolyabban veszi. Most is itt van az \u00edr\u00f3asztal\u00e1n egy halom k\u00f6z\u00e9pj\u00e1t\u00e9k meg v\u00e9gj\u00e1t\u00e9k k\u00f6nyv, amiket napi szinten forgat. Szinte minden szabadidej\u00e9t edz\u00e9s, tanul\u00e1s, edz\u0151t\u00e1bor vagy verseny form\u00e1ban a sakkra ford\u00edtja.<\/p>\n\n\n\n<p><em><strong>2018-ban a&nbsp;<a href=\"https:\/\/info64.org\/world-cadets-chess-championships-2018-u08-girls\/standings\" target=\"_blank\" rel=\"noreferrer noopener\">vil\u00e1gbajnoks\u00e1gon<\/a>, 2019-ben pedig az&nbsp;<a href=\"https:\/\/chess-results.com\/tnr459979.aspx?lan=1&amp;art=1&amp;flag=30\" target=\"_blank\" rel=\"noreferrer noopener\">Eur\u00f3pa-bajnoks\u00e1gon<\/a>&nbsp;is j\u00e1rtatok m\u00e1r.<\/strong><\/em><\/p>\n\n\n\n<p><strong>G.<\/strong>: A VB volt Inez els\u0151 vil\u00e1gversenye. 7 \u00e9vesen indult az U8 korcsoportban. Akkor m\u00e9g nem volt meg az igazi sakkoz\u00f3i hozz\u00e1\u00e1ll\u00e1s, kicsi volt m\u00e9g ehhez. J\u00f3szerivel kiment\u00fcnk nyaralni, k\u00f6r\u00fcln\u00e9zni, meg az\u00e9rt sakkoztunk is egy kicsit. V\u00e9g\u00fcl a k\u00f6z\u00e9pmez\u0151nyben v\u00e9gzett Inez. A k\u00f6vetkez\u0151 \u00e9vben az OB-n el\u00e9rt eredm\u00e9nye alapj\u00e1n megh\u00edv\u00e1st kapott az Eur\u00f3pa Bajnoks\u00e1gra. Ezek a nemzetk\u00f6zi versenyek fontos m\u00e9rf\u00f6ldk\u00f6vek, ahol egy minden tekintetben sz\u00ednes \u00e9s er\u0151s mez\u0151ny m\u00e9ri \u00f6ssze tud\u00e1s\u00e1t. Az ilyen tapasztalatok sz\u00fcks\u00e9gesek ahhoz, hogy megismerje a koroszt\u00e1lya legjobb sakkoz\u00f3it, l\u00e1sson maga el\u0151tt \u00faj t\u00e1vlatokat, \u00e9s a koroszt\u00e1lyos vil\u00e1granglist\u00e1n el\u0151r\u00e9bb tudjon l\u00e9pni, ahol jelenlegi \u00c9l\u0151-pontj\u00e1val nagy \u00f6r\u00f6m\u00fcnkre a 22. helyen \u00e1ll.<\/p>\n\n\n\n<p><em><strong>Gondoltatok m\u00e1r a profi sakkoz\u00f3 \u00e9letre?<\/strong><\/em><\/p>\n\n\n\n<p><strong>G.<\/strong>: A j\u00f6v\u0151 zen\u00e9je, hogy \u0151 meddig jut ebben. Lesz-e olyan, hogy majd \u00fagy \u00e9rzi, hogy esetleg valami m\u00e1s ir\u00e1ny fel\u00e9 fordulna. El\u0151tte van m\u00e9g rengeteg dolog az \u00e9letben, b\u00e1rmi lehet bel\u0151le. Lehet, hogy sakkoz\u00f3 lesz, lehet, hogy edz\u0151, vagy \u00e9ppen valami teljesen m\u00e1s.<\/p>\n\n\n\n<div class=\"wp-block-image\"><figure class=\"aligncenter size-full\"><img loading=\"lazy\" decoding=\"async\" width=\"590\" height=\"786\" src=\"https:\/\/chess.hu\/maroczy\/wp-content\/uploads\/2022\/02\/Inez-02.jpg\" alt=\"\" class=\"wp-image-1045\" srcset=\"https:\/\/chess.hu\/maroczy\/wp-content\/uploads\/2022\/02\/Inez-02.jpg 590w, https:\/\/chess.hu\/maroczy\/wp-content\/uploads\/2022\/02\/Inez-02-225x300.jpg 225w\" sizes=\"auto, (max-width: 590px) 100vw, 590px\" \/><\/figure><\/div>\n","protected":false},"excerpt":{"rendered":"<p>Forr\u00e1s:\u00a0https:\/\/www.sakkmezo.hu\/ Kiss Inez sz\u00e1m\u00e1ra a sakk t\u00f6bb mint hobbi \u2013 Besz\u00e9lget\u00e9s a fiatal tehets\u00e9ggel \u00e9s<\/p>\n","protected":false},"author":6,"featured_media":0,"parent":0,"menu_order":0,"comment_status":"closed","ping_status":"closed","template":"","meta":{"footnotes":""},"class_list":["post-1042","page","type-page","status-publish","hentry"],"_links":{"self":[{"href":"https:\/\/chess.hu\/maroczy\/wp-json\/wp\/v2\/pages\/1042","targetHints":{"allow":["GET"]}}],"collection":[{"href":"https:\/\/chess.hu\/maroczy\/wp-json\/wp\/v2\/pages"}],"about":[{"href":"https:\/\/chess.hu\/maroczy\/wp-json\/wp\/v2\/types\/page"}],"author":[{"embeddable":true,"href":"https:\/\/chess.hu\/maroczy\/wp-json\/wp\/v2\/users\/6"}],"replies":[{"embeddable":true,"href":"https:\/\/chess.hu\/maroczy\/wp-json\/wp\/v2\/comments?post=1042"}],"version-history":[{"count":2,"href":"https:\/\/chess.hu\/maroczy\/wp-json\/wp\/v2\/pages\/1042\/revisions"}],"predecessor-version":[{"id":1046,"href":"https:\/\/chess.hu\/maroczy\/wp-json\/wp\/v2\/pages\/1042\/revisions\/1046"}],"wp:attachment":[{"href":"https:\/\/chess.hu\/maroczy\/wp-json\/wp\/v2\/media?parent=1042"}],"curies":[{"name":"wp","href":"https:\/\/api.w.org\/{rel}","templated":true}]}}